{"id":10639,"date":"2022-07-24T17:58:10","date_gmt":"2022-07-24T15:58:10","guid":{"rendered":"http:\/\/marmor2.razvija.se\/vzdrzevanje-kamna\/"},"modified":"2022-09-05T15:04:53","modified_gmt":"2022-09-05T13:04:53","slug":"maintenance-of-stone-surfaces","status":"publish","type":"page","link":"https:\/\/marmorsezana.com\/en\/materials\/maintenance-of-stone-surfaces\/","title":{"rendered":"Maintenance of stone surfaces"},"content":{"rendered":"<p><section class=\"kc-elm kc-css-410385 kc_row\"><div class=\" container-fluid\"><div class=\"row\"><div class=\"kc-elm kc-css-60012 col-12 col-sm-5 column\"><div class=\"kc-col-container\"><div class=\"kc-elm kc-css-15150 kc_text_block\"><\/p>\n<p>\nZa \u010di\u0161\u010denje in za\u0161\u010dito kamnitih povr\u0161in uporabljamo le tista sredstva, ki so namenjena za aplikacijo na kamnitih povr\u0161inah in imajo na embala\u017ei navodila za uporabo.<\/p>\n<p>Zaradi ohranitve lastnosti in podalj\u0161anja trajnosti kamna, priporo\u010damo strogo upo\u0161tevanje navodil proizvajalca oziroma anga\u017eiranje strokovno usposobljenega izvajalca.<\/p>\n<p><b>Apnenci so kislinsko ob\u010dutljivi zato posegi s kislinami in mo\u010dnimi lu\u017einami na njih niso dovoljeni, na granitnih povr\u0161inah pa jih odsvetujemo. Prav tako je potrebno iz apnenih povr\u0161in, tudi \u017ee za\u0161\u010ditenih, takoj odstraniti vino in sadne sokove. Povr\u0161in apnencev in marmorjev, zlasti poliranih in fino bru\u0161enih, ne smemo mehansko \u010distiti z orodji, ki povzro\u010dajo razenje.<\/b><\/p>\n<p>\n<\/div><\/div><\/div><div class=\"kc-elm kc-css-525180 col-12 col-sm-7 column\"><div class=\"kc-col-container\"><div data-kc-equalheight=\"true\" data-kc-row-action=\"true\" data-kc-equalheight-align=\"bottom\" class=\"kc-elm kc-css-999641 row\"><div class=\"kc-elm kc-css-787020 col-12 col-sm-4 column_inner d-flex align-items-end\"><div class=\"w-100 kc_wrapper kc-col-inner-container\"><div class=\"div-wrapper kc-elm kc-css-172188 mb-4 mt-auto\"><\/div><\/div><\/div><div class=\"kc-elm kc-css-266556 col-12 col-sm-8 column_inner\"><div class=\"kc_wrapper kc-col-inner-container\"><div class=\"div-wrapper kc-elm kc-css-418940 \"><\/div><div class=\"div-wrapper kc-elm kc-css-60552 mt-4\"><\/div><\/div><\/div><\/div><\/div><\/div><\/div><\/div><\/section><section class=\"kc-elm kc-css-787993 kc_row\"><div class=\" container-fluid\"><div class=\"row\"><div class=\"kc-elm kc-css-511020 col-12 col-sm-5 column\"><div class=\"kc-col-container\"><div class=\"kc-elm kc-css-242521 kc_text_block\"><\/p>\n<p>\nTo clean and protect stone surfaces, only use products that are designed for application on stone surfaces and have instructions for use on the packaging.<\/p>\n<p>In order to preserve the properties and prolong the durability of the stone, we recommend strictly following the manufacturer&#8217;s instructions or engaging a professionally qualified contractor.<br \/>Limestone is acid-sensitive, so acid and strong alkalis treatments are not allowed on limestone and are discouraged on granite surfaces. Wine and fruit juices should also be removed immediately from limestone surfaces, even those already protected.<\/p>\n<p><strong>Limestone and marble surfaces, especially polished and finely ground surfaces, should not be mechanically cleaned with abrasive tools.<\/strong><\/p>\n<p>\n<\/div><\/div><\/div><div class=\"kc-elm kc-css-107206 col-12 col-sm-7 column\"><div class=\"kc-col-container\"><div data-kc-equalheight=\"true\" data-kc-row-action=\"true\" data-kc-equalheight-align=\"bottom\" class=\"kc-elm kc-css-911129 row\"><div class=\"kc-elm kc-css-12829 col-12 col-sm-4 column_inner d-flex align-items-end\"><div class=\"w-100 kc_wrapper kc-col-inner-container\"><div class=\"div-wrapper kc-elm kc-css-912595 mb-4 mt-auto\"><\/div><\/div><\/div><div class=\"kc-elm kc-css-517923 col-12 col-sm-8 column_inner\"><div class=\"kc_wrapper kc-col-inner-container\"><div class=\"div-wrapper kc-elm kc-css-871070 \"><\/div><div class=\"div-wrapper kc-elm kc-css-881201 mt-4\"><\/div><\/div><\/div><\/div><\/div><\/div><\/div><\/div><\/section><section class=\"kc-elm kc-css-462316 kc_row\"><div class=\" container-fluid\"><div class=\"row\"><div class=\"kc-elm kc-css-729507 col-12 col-sm-6 column\"><div class=\"kc-col-container\">\n<div class=\"kc-elm kc-css-120495 kc-title-wrap \">\n\n\t<h2 class=\"kc_title\">Warning against mechanical damage<\/h2>\n<\/div>\n<div class=\"kc-elm kc-css-947334 kc_text_block special-little-bulletted-list\"><\/p>\n<p>\nAll stone surfaces (e.g. floor and wall cladding, solid stairs, etc.) are resistant to normal use, such as walking, use of prams and wheelchairs, occasional deliveries by cars.<\/p>\n<p>Activities that could damage the surface of the stone flooring and products are not permitted on stone surfaces, for example:<\/p>\n<ul>\n<li>pulling trolleys with metal wheels on the stone pavement,<\/li>\n<li>the use of mechanical cleaning nets in combination with acidic or other aggressive chemicals,the use and driving of heavy goods vehicles over pedestrian areas,<\/li>\n<li>transport over stone surfaces with vehicles that cause scratching (transport trolleys with metal wheels, skateboards, scooters, etc.),<\/li>\n<li>scouring surfaces with metal or other hard objects,<\/li>\n<li>driving vehicles that leave traces of rubber, plastic, silicones, etc. over stone surfaces<\/li>\n<li>the use of crystallised de-icing salt<\/li>\n<li>the use of chemicals and cleaning agents which, by dissolving, cause damage to the final stone surface.<\/li>\n<\/ul>\n<p>\n<\/div><\/div><\/div><div class=\"kc-elm kc-css-933692 col-12 col-sm-6 column\"><div class=\"kc-col-container\"><\/div><\/div><\/div><\/div><\/section><section data-kc-equalheight=\"true\" data-kc-equalheight-align=\"middle\" class=\"kc-elm kc-css-926945 kc_row\"><div class=\" container-fluid\"><div class=\"row\"><div class=\"kc-elm kc-css-871297 col-12 col-sm-6 column pl-md-0\"><div class=\"kc-col-container\"><div class=\"kc-elm kc-css-700223 kc_shortcode kc_single_image\">\n\n        <img decoding=\"async\" src=\"https:\/\/marmorsezana.com\/wp-content\/uploads\/2022\/08\/20220818_130929-.jpg-e1661243820119.png\" class=\"\" alt=\"\" \/>    <\/div>\n<\/div><\/div><div class=\"kc-elm kc-css-258854 col-12 col-sm-6 column mt-4 mt-md-0\"><div class=\"kc-col-container\"><div class=\"div-wrapper kc-elm kc-css-216100 \">\n<div class=\"kc-elm kc-css-69754 kc-title-wrap \">\n\n\t<span class=\"kc_title happy-little-quote mb-4\">It is advisable to provide adequate protection on all stone surfaces where aggressive substances are expected to have a negative impact and cause staining.<\/span>\n<\/div>\n<div class=\"kc-elm kc-css-682694 kc_text_block\"><\/p>\n<p>\nPrior to the application of the protection, the surfaces should be thoroughly cleaned with suitable neutral and certified stone cleaners.<\/p>\n<p>Cleaning removes mists of cement, oil, grease, as well as paint and plaster residues.<\/p>\n<p>A suitable long-lasting, impermeable surface protectant should then be applied to the cleaned and dry surface to protect the surface from dirt and aggressive substances and to facilitate further surface care.<\/p>\n<p>We also recommend anti-graffiti protection to protect stone cladding on walls and fa\u00e7ades. In exposed external areas, we recommend cleaning the stone surfaces and applying a hydrophobic impregnation to prevent the negative effects of crystallisation, carbonation, water ingress and to prevent mould and algae formation.<br \/>The protective agent also prevents the negative effects of sodium chloride (NaCl), due to salting of surfaces in winter in order to minimize the risk of slipping.<\/p>\n<p>\n<\/div><\/div><\/div><\/div><\/div><\/div><\/section><\/p>\n","protected":false},"excerpt":{"rendered":"","protected":false},"author":2041,"featured_media":8733,"parent":10646,"menu_order":0,"comment_status":"closed","ping_status":"closed","template":"page-templates\/fullwidthpage.php","meta":{"_acf_changed":false,"inline_featured_image":false,"footnotes":""},"class_list":["post-10639","page","type-page","status-publish","has-post-thumbnail","hentry"],"acf":[],"_links":{"self":[{"href":"https:\/\/marmorsezana.com\/en\/wp-json\/wp\/v2\/pages\/10639","targetHints":{"allow":["GET"]}}],"collection":[{"href":"https:\/\/marmorsezana.com\/en\/wp-json\/wp\/v2\/pages"}],"about":[{"href":"https:\/\/marmorsezana.com\/en\/wp-json\/wp\/v2\/types\/page"}],"author":[{"embeddable":true,"href":"https:\/\/marmorsezana.com\/en\/wp-json\/wp\/v2\/users\/2041"}],"replies":[{"embeddable":true,"href":"https:\/\/marmorsezana.com\/en\/wp-json\/wp\/v2\/comments?post=10639"}],"version-history":[{"count":0,"href":"https:\/\/marmorsezana.com\/en\/wp-json\/wp\/v2\/pages\/10639\/revisions"}],"up":[{"embeddable":true,"href":"https:\/\/marmorsezana.com\/en\/wp-json\/wp\/v2\/pages\/10646"}],"wp:featuredmedia":[{"embeddable":true,"href":"https:\/\/marmorsezana.com\/en\/wp-json\/wp\/v2\/media\/8733"}],"wp:attachment":[{"href":"https:\/\/marmorsezana.com\/en\/wp-json\/wp\/v2\/media?parent=10639"}],"curies":[{"name":"wp","href":"https:\/\/api.w.org\/{rel}","templated":true}]}}