{"id":10662,"date":"2022-07-01T12:00:16","date_gmt":"2022-07-01T10:00:16","guid":{"rendered":"http:\/\/marmor2.razvija.se\/o-podjetju\/"},"modified":"2024-10-15T13:51:48","modified_gmt":"2024-10-15T11:51:48","slug":"about-us","status":"publish","type":"page","link":"https:\/\/marmorsezana.com\/en\/about-us\/","title":{"rendered":"About us"},"content":{"rendered":"<p><section class=\"kc-elm kc-css-278491 kc_row\"><div class=\" container-fluid\"><div class=\"row\"><div class=\"kc-elm kc-css-434229 col-12 col-sm-3 column\"><div class=\"kc-col-container\"><div class=\"kc-elm kc-css-342758 kc_text_block\"><\/p>\n<p>Marmor, Se\u017eana d.d. is one of the oldest stone-cutting companies in Slovenia. It has been engaged in the extraction and processing of Karst natural stone since 1947. More than 75 years of tradition allow it to combine the new, the modern with respect for tradition, cultural and natural heritage.<br \/>The company owns four quarries (Lipica I, Lipica II, Doline, Kopriva), where work is already underway; three more sites are in different stages of exploration or opening. Its quarries produce natural Karst stone, known as Lipica Unito, Lipica Fiorito, Repen and Kopriva, for which it has the exclusive right for sale.<\/p>\n<p>Its own raw material enables the company to work independently of the global markets for natural stone, as the material is always available. The production itself takes place at two sites, in Se\u017eana and Lipica. The proximity of the quarries and the production units allows quick and local access to raw material.<\/p>\n<p>Stone from the company&#039;s quarries and workshops adorns the fa\u00e7ades of many houses, streets and squares both in Slovenia and in other European cities. It is also well known and appreciated in the Middle and Far East, the Arabian Peninsula and America.<\/p>\n<p>\n<\/div><\/div><\/div><div class=\"kc-elm kc-css-757045 col-12 col-sm-9 column\"><div class=\"kc-col-container\"><div class=\"div-wrapper kc-elm kc-css-889053 \"><\/div><div class=\"kc-elm kc-css-320240 row\"><div class=\"kc-elm kc-css-726266 col-12 col-sm-6 column_inner\"><div class=\"kc_wrapper kc-col-inner-container\"><div class=\"div-wrapper kc-elm kc-css-62528 \"><\/div><\/div><\/div><div class=\"kc-elm kc-css-261717 col-12 col-sm-6 column_inner mt-4 mt-md-0\"><div class=\"kc_wrapper kc-col-inner-container\"><div class=\"div-wrapper kc-elm kc-css-924008 \"><\/div><\/div><\/div><\/div><\/div><\/div><\/div><\/div><\/section><section data-kc-equalheight=\"true\" data-kc-equalheight-align=\"middle\" class=\"kc-elm kc-css-701534 kc_row\"><div class=\" container-fluid\"><div class=\"row\"><div class=\"kc-elm kc-css-365348 col-12 col-sm-4 column\"><div class=\"kc-col-container\"><div class=\"div-wrapper kc-elm kc-css-484392 \">\n<div class=\"kc-elm kc-css-559086 kc-title-wrap \">\n\n\t<h2 class=\"kc_title\">The wealth of our quarries always within reach<\/h2>\n<\/div>\n<div class=\"kc-elm kc-css-215743 kc_text_block\"><\/p>\n<p>With our own quarries, we provide natural stone independently of global markets.<\/p>\n<p>The proximity of quarries and production units enable quick and local access to raw materials.<\/p>\n<p>\n<\/div><div class=\"clear\"><\/div>\n<div class=\"mod-id-89117 kc-elm kc-css-89117 kc-raw-code arrow-link \">\n    <div class=\"d-flex align-center justify-content-start\">\n        <a href=\"https:\/\/marmorsezana.com\/en\/inquiry\/\">\n            <span class=\"fw-medium\">Submit an inquiry <\/span>\n            <i class=\"fa-solid fa-arrow-right ml-2 text-body\"><\/i>\n        <\/a>\n    <\/div>\n<\/div>\n\n\n<div class=\"clear\"><\/div>\n<\/div><\/div><\/div><div class=\"kc-elm kc-css-83726 col-12 col-sm-8 column mt-4 mt-md-0\"><div class=\"kc-col-container\"><div class=\"div-wrapper kc-elm kc-css-884174 \"><div class=\"kc-elm kc-css-558039 kc_shortcode kc_single_image\">\n\n        <img decoding=\"async\" src=\"https:\/\/marmorsezana.com\/wp-content\/uploads\/2022\/09\/Group-717.svg\" class=\"\" alt=\"\" \/>    <\/div>\n<\/div><\/div><\/div><\/div><\/div><\/section><section data-kc-equalheight=\"true\" data-kc-equalheight-align=\"middle\" class=\"kc-elm kc-css-525717 kc_row\"><div class=\" container-fluid\"><div class=\"row\"><div class=\"kc-elm kc-css-829057 col-12 col-sm-8 column\"><div class=\"kc-col-container\"><div class=\"div-wrapper kc-elm kc-css-204464 \"><\/div><div class=\"kc-elm kc-css-155749 row\"><div class=\"kc-elm kc-css-744951 col-12 col-sm-6 column_inner\"><div class=\"kc_wrapper kc-col-inner-container\"><div class=\"div-wrapper kc-elm kc-css-723092 \"><\/div><\/div><\/div><div class=\"kc-elm kc-css-962877 col-12 col-sm-6 column_inner mt-4 mt-md-0\"><div class=\"kc_wrapper kc-col-inner-container\"><div class=\"div-wrapper kc-elm kc-css-844744 \"><\/div><\/div><\/div><\/div><\/div><\/div><div class=\"kc-elm kc-css-801471 col-12 col-sm-4 column mt-4 mt-md-0\"><div class=\"kc-col-container\"><div class=\"div-wrapper kc-elm kc-css-505033 \">\n<div class=\"kc-elm kc-css-271733 kc-title-wrap \">\n\n\t<h2 class=\"kc_title\">Omogo\u010damo razvoj kadrov<\/h2>\n<\/div>\n<div class=\"kc-elm kc-css-233221 kc_text_block\"><\/p>\n<p>Verjamemo, da lahko vsak zaposlen pripomore k razvoju podjetja in da je vsak posameznik pomemben del mozaika na\u0161e uspe\u0161ne zgodbe.<\/p>\n<p>\n<\/div><div class=\"clear\"><\/div>\n<div class=\"mod-id-859880 kc-elm kc-css-859880 kc-raw-code arrow-link \">\n    <div class=\"d-flex align-center justify-content-start\">\n        <a href=\"https:\/\/marmorsezana.com\/o-podjetju\/razvoj-kadrov\/\">\n            <span class=\"fw-medium\">Preberi ve\u010d<\/span>\n            <i class=\"fa-solid fa-arrow-right ml-2 text-body\"><\/i>\n        <\/a>\n    <\/div>\n<\/div>\n\n\n<div class=\"clear\"><\/div>\n<\/div><\/div><\/div><\/div><\/div><\/section><section data-kc-equalheight=\"true\" data-kc-equalheight-align=\"middle\" class=\"kc-elm kc-css-661345 kc_row\"><div class=\" container-fluid\"><div class=\"row\"><div class=\"kc-elm kc-css-527211 col-12 col-sm-5 column bg-primary text-white o-podjetju\"><div class=\"kc-col-container\"><div class=\"div-wrapper kc-elm kc-css-443488 mw-100\">\n<div class=\"kc-elm kc-css-7222 kc-title-wrap \">\n\n\t<h2 class=\"kc_title text-white\">Information about the company<\/h2>\n<\/div>\n<div class=\"kc-elm kc-css-140090 kc_text_block\"><\/p>\n<table class=\"invis\">\n<tbody>\n<tr>\n<th>Name<\/th>\n<td>Marmor, podjetje za pridobivanje in obdelavo naravnega kamna Se\u017eana, d.d.<\/td>\n<\/tr>\n<tr>\n<th>Address<\/th>\n<td>Partizanska cesta 73 A<\/td>\n<\/tr>\n<tr>\n<th>ZIP number and city<\/th>\n<td>Se\u017eana, 6210 Se\u017eana<\/td>\n<\/tr>\n<tr>\n<th>IBAN<\/th>\n<td>SI56 1010 0000 0017 843<br \/>Banka Intesa Sanpaolo d.d.<\/td>\n<\/tr>\n<tr>\n<th>Tax number<\/th>\n<td>SI40342085<\/td>\n<\/tr>\n<tr>\n<th>Registration number<\/th>\n<td>5090725000<\/td>\n<\/tr>\n<tr>\n<th>Telephone<\/th>\n<td>+386 5 731 11 00<\/td>\n<\/tr>\n<tr>\n<th>E-mail address<\/th>\n<td>info@marmorsezana.com<\/td>\n<\/tr>\n<\/tbody>\n<\/table>\n<p>\n<\/div><\/div><\/div><\/div><div class=\"kc-elm kc-css-770413 col-12 col-sm-7 column\"><div class=\"kc-col-container\"><div class=\"div-wrapper kc-elm kc-css-766465 \"><div class=\"kc-image-gallery kc-elm kc-css-28374\">\n<div class=\"kc_image_gallery kc-carousel-image kc-grid  gallery-columns-3\">\n<div class=\"item-grid grid-3\"><img decoding=\"async\" src=\"https:\/\/marmorsezana.com\/wp-content\/uploads\/2022\/07\/DELO-V-KAMNOLOMU.jpg\" alt=\"\"\/><\/div><div class=\"item-grid grid-3\"><img decoding=\"async\" src=\"https:\/\/marmorsezana.com\/wp-content\/uploads\/2022\/07\/kamnolom-in-proizvodnja-Lipica.jpg\" alt=\"\"\/><\/div><div class=\"item-grid grid-3\"><img decoding=\"async\" src=\"https:\/\/marmorsezana.com\/wp-content\/uploads\/2022\/07\/v-kamnolomu.jpg\" alt=\"\"\/><\/div><\/div>\n<\/div><\/div><\/div><\/div><\/div><\/div><\/section><section class=\"kc-elm kc-css-202230 kc_row background-helper\"><div class=\" container-fluid\"><div class=\"row\"><div class=\"kc-elm kc-css-936337 col-12 col-sm-12 column\"><div class=\"kc-col-container\"><div class=\"div-wrapper kc-elm kc-css-577101 ml-md-auto mw-100\">\n<div class=\"kc-elm kc-css-966754 kc-title-wrap \">\n\n\t<h2 class=\"kc_title\">Sklic 12. skup\u0161\u010dine<\/h2>\n<\/div>\n<div class=\"kc-elm kc-css-224095 kc_text_block\"><\/p>\n<p>Vabimo vas na 12. skup\u0161\u010dino podjetja Marmor Se\u017eana, ki bo v torek, 24. 5. 2022 ob 18. uri v prostorih dru\u017ebe.<\/p>\n<p>\n<\/div>\n<div class=\"kc-elm kc-css-892121 kc-title-wrap \">\n\n\t<h3 class=\"kc_title\">Gradivo<\/h3>\n<\/div>\n<div class=\"clear\"><\/div>\n<div class=\"mod-id-95176 kc-elm kc-css-95176 kc-raw-code arrow-link d-flex justify-content-end\">\n    <div class=\"d-flex align-center justify-content-start\">\n        <a href=\"#\">\n            <span class=\"fw-medium\">Ime datoteke<\/span>\n            <i class=\"fa-solid fa-arrow-right ml-2 text-body\"><\/i>\n        <\/a>\n    <\/div>\n<\/div>\n\n\n<div class=\"clear\"><\/div>\n<div class=\"clear\"><\/div>\n<div class=\"mod-id-356673 kc-elm kc-css-356673 kc-raw-code arrow-link d-flex justify-content-end\">\n    <div class=\"d-flex align-center justify-content-start\">\n        <a href=\"#\">\n            <span class=\"fw-medium\">Ime druge datoteke<\/span>\n            <i class=\"fa-solid fa-arrow-right ml-2 text-body\"><\/i>\n        <\/a>\n    <\/div>\n<\/div>\n\n\n<div class=\"clear\"><\/div>\n<\/div><\/div><\/div><\/div><\/div><\/section><section class=\"kc-elm kc-css-382201 kc_row px-0\"><div class=\" container-fluid\"><div class=\"row\"><div class=\"kc-elm kc-css-607477 col-12 col-sm-12 column\"><div class=\"kc-col-container\"><div class=\"kc-elm kc-css-69594 kc-raw-code\">\n    <\/div><\/div><\/div><\/div><\/div><\/section><\/p>\n","protected":false},"excerpt":{"rendered":"","protected":false},"author":2041,"featured_media":8012,"parent":0,"menu_order":0,"comment_status":"closed","ping_status":"closed","template":"page-templates\/fullwidthpage.php","meta":{"_acf_changed":false,"inline_featured_image":false,"footnotes":""},"class_list":["post-10662","page","type-page","status-publish","has-post-thumbnail","hentry"],"acf":[],"_links":{"self":[{"href":"https:\/\/marmorsezana.com\/en\/wp-json\/wp\/v2\/pages\/10662","targetHints":{"allow":["GET"]}}],"collection":[{"href":"https:\/\/marmorsezana.com\/en\/wp-json\/wp\/v2\/pages"}],"about":[{"href":"https:\/\/marmorsezana.com\/en\/wp-json\/wp\/v2\/types\/page"}],"author":[{"embeddable":true,"href":"https:\/\/marmorsezana.com\/en\/wp-json\/wp\/v2\/users\/2041"}],"replies":[{"embeddable":true,"href":"https:\/\/marmorsezana.com\/en\/wp-json\/wp\/v2\/comments?post=10662"}],"version-history":[{"count":0,"href":"https:\/\/marmorsezana.com\/en\/wp-json\/wp\/v2\/pages\/10662\/revisions"}],"wp:featuredmedia":[{"embeddable":true,"href":"https:\/\/marmorsezana.com\/en\/wp-json\/wp\/v2\/media\/8012"}],"wp:attachment":[{"href":"https:\/\/marmorsezana.com\/en\/wp-json\/wp\/v2\/media?parent=10662"}],"curies":[{"name":"wp","href":"https:\/\/api.w.org\/{rel}","templated":true}]}}