{"id":10640,"date":"2022-07-24T17:58:10","date_gmt":"2022-07-24T15:58:10","guid":{"rendered":"http:\/\/marmor2.razvija.se\/vzdrzevanje-kamna\/"},"modified":"2022-10-16T12:43:15","modified_gmt":"2022-10-16T10:43:15","slug":"istruzioni-per-la-manutenzione-della-pietra","status":"publish","type":"page","link":"https:\/\/marmorsezana.com\/it\/materiali\/istruzioni-per-la-manutenzione-della-pietra\/","title":{"rendered":"Istruzioni per la manutenzione della pietra"},"content":{"rendered":"<p><section class=\"kc-elm kc-css-575380 kc_row\"><div class=\" container-fluid\"><div class=\"row\"><div class=\"kc-elm kc-css-566869 col-12 col-sm-5 column\"><div class=\"kc-col-container\"><div class=\"kc-elm kc-css-605571 kc_text_block\"><\/p>\n<p>\nZa \u010di\u0161\u010denje in za\u0161\u010dito kamnitih povr\u0161in uporabljamo le tista sredstva, ki so namenjena za aplikacijo na kamnitih povr\u0161inah in imajo na embala\u017ei navodila za uporabo.<\/p>\n<p>Zaradi ohranitve lastnosti in podalj\u0161anja trajnosti kamna, priporo\u010damo strogo upo\u0161tevanje navodil proizvajalca oziroma anga\u017eiranje strokovno usposobljenega izvajalca.<\/p>\n<p><b>Apnenci so kislinsko ob\u010dutljivi zato posegi s kislinami in mo\u010dnimi lu\u017einami na njih niso dovoljeni, na granitnih povr\u0161inah pa jih odsvetujemo. Prav tako je potrebno iz apnenih povr\u0161in, tudi \u017ee za\u0161\u010ditenih, takoj odstraniti vino in sadne sokove. Povr\u0161in apnencev in marmorjev, zlasti poliranih in fino bru\u0161enih, ne smemo mehansko \u010distiti z orodji, ki povzro\u010dajo razenje.<\/b><\/p>\n<p>\n<\/div><\/div><\/div><div class=\"kc-elm kc-css-378532 col-12 col-sm-7 column\"><div class=\"kc-col-container\"><div data-kc-equalheight=\"true\" data-kc-row-action=\"true\" data-kc-equalheight-align=\"bottom\" class=\"kc-elm kc-css-229726 row\"><div class=\"kc-elm kc-css-709934 col-12 col-sm-4 column_inner d-flex align-items-end\"><div class=\"w-100 kc_wrapper kc-col-inner-container\"><div class=\"div-wrapper kc-elm kc-css-632466 mb-4 mt-auto\"><\/div><\/div><\/div><div class=\"kc-elm kc-css-210858 col-12 col-sm-8 column_inner\"><div class=\"kc_wrapper kc-col-inner-container\"><div class=\"div-wrapper kc-elm kc-css-593540 \"><\/div><div class=\"div-wrapper kc-elm kc-css-41274 mt-4\"><\/div><\/div><\/div><\/div><\/div><\/div><\/div><\/div><\/section><section class=\"kc-elm kc-css-233265 kc_row\"><div class=\" container-fluid\"><div class=\"row\"><div class=\"kc-elm kc-css-559803 col-12 col-sm-5 column\"><div class=\"kc-col-container\"><div class=\"kc-elm kc-css-437834 kc_text_block\"><\/p>\n<p>Per la pulizia e la protezione delle superfici in pietra, utilizzare solo prodotti studiati per l&#039;applicazione su superfici in pietra e con le istruzioni per l&#039;uso sulla confezione.<\/p>\n<p>Al fine di preservare le propriet\u00e0 e prolungare la durata della pietra, si consiglia di seguire scrupolosamente le istruzioni del produttore o di rivolgersi a un appaltatore professionalmente qualificato.<\/p>\n<p><strong>I calcari sono sensibili agli acidi, quindi i trattamenti con acidi e alcali forti non sono consentiti sul calcare e sono sconsigliati sulle superfici di granito. Vino e succhi di frutta vanno rimossi immediatamente dalle superfici calcaree, anche se gi\u00e0 protette. Le superfici in calcare e marmo, in particolare le superfici lucide e finemente levigate, non devono essere pulite meccanicamente con strumenti abrasivi.<\/strong><\/p>\n<p>\n<\/div><\/div><\/div><div class=\"kc-elm kc-css-321174 col-12 col-sm-7 column\"><div class=\"kc-col-container\"><div data-kc-equalheight=\"true\" data-kc-row-action=\"true\" data-kc-equalheight-align=\"bottom\" class=\"kc-elm kc-css-629301 row\"><div class=\"kc-elm kc-css-402592 col-12 col-sm-4 column_inner d-flex align-items-end\"><div class=\"w-100 kc_wrapper kc-col-inner-container\"><div class=\"div-wrapper kc-elm kc-css-773891 mb-4 mt-auto\"><\/div><\/div><\/div><div class=\"kc-elm kc-css-813878 col-12 col-sm-8 column_inner\"><div class=\"kc_wrapper kc-col-inner-container\"><div class=\"div-wrapper kc-elm kc-css-853032 \"><\/div><div class=\"div-wrapper kc-elm kc-css-580807 mt-4\"><\/div><\/div><\/div><\/div><\/div><\/div><\/div><\/div><\/section><section class=\"kc-elm kc-css-232920 kc_row\"><div class=\" container-fluid\"><div class=\"row\"><div class=\"kc-elm kc-css-442112 col-12 col-sm-6 column\"><div class=\"kc-col-container\">\n<div class=\"kc-elm kc-css-476166 kc-title-wrap \">\n\n\t<h2 class=\"kc_title\">Avvertimento contro danni meccanici<\/h2>\n<\/div>\n<div class=\"kc-elm kc-css-680818 kc_text_block special-little-bulletted-list\"><\/p>\n<p>Tutte le superfici in pietra (es. rivestimento di pavimenti e pareti, scale, ecc.) sono resistenti al normale utilizzo, per uso pedonale, uso di carrozzine e sedie a rotelle, consegne occasionali con auto.<\/p>\n<p>Non sono ammesse attivit\u00e0 che potrebbero danneggiare la superficie della pavimentazione e dei prodotti in pietra, ad esempio:<\/p>\n<ul>\n<li>carrelli con ruote metalliche sul pavimento in pietra,<\/li>\n<li>l&#039;uso di reti per pulizia meccanica in combinazione con prodotti chimici acidi o altri aggressivi,<\/li>\n<li>l&#039;uso e la guida di automezzi pesanti nelle aree pedonali,<\/li>\n<li>trasporto su superfici in pietra con veicoli che provocano graffi (carrelli da trasporto con ruote metalliche, skateboard, scooter, ecc.),<\/li>\n<li>strofinare le superfici con metallo o altri oggetti duri,<\/li>\n<li>guida di veicoli che lasciano tracce di gomma, plastica, siliconi, ecc. su superfici in pietra<\/li>\n<li>l&#039;uso di sale antigelo cristallizzato<\/li>\n<li>l&#039;uso di prodotti chimici e detergenti che, dissolvendosi, danneggiano la superficie lapidea finale.<\/li>\n<\/ul>\n<p>\n<\/div><\/div><\/div><div class=\"kc-elm kc-css-519596 col-12 col-sm-6 column\"><div class=\"kc-col-container\"><\/div><\/div><\/div><\/div><\/section><section data-kc-equalheight=\"true\" data-kc-equalheight-align=\"middle\" class=\"kc-elm kc-css-634179 kc_row\"><div class=\" container-fluid\"><div class=\"row\"><div class=\"kc-elm kc-css-787430 col-12 col-sm-6 column pl-md-0\"><div class=\"kc-col-container\"><div class=\"kc-elm kc-css-622092 kc_shortcode kc_single_image\">\n\n        <img decoding=\"async\" src=\"https:\/\/marmorsezana.com\/wp-content\/uploads\/2022\/08\/20220818_130929-.jpg-e1661243820119.png\" class=\"\" alt=\"\" \/>    <\/div>\n<\/div><\/div><div class=\"kc-elm kc-css-29837 col-12 col-sm-6 column mt-4 mt-md-0\"><div class=\"kc-col-container\"><div class=\"div-wrapper kc-elm kc-css-708305 \">\n<div class=\"kc-elm kc-css-292490 kc-title-wrap \">\n\n\t<span class=\"kc_title happy-little-quote mb-4\">Si consiglia di fornire un'adeguata protezione su tutte le superfici lapidee dove si prevede che sostanze aggressive abbiano un impatto negativo e provochino macchie.<\/span>\n<\/div>\n<div class=\"kc-elm kc-css-36123 kc_text_block\"><\/p>\n<p>Prima dell&#039;applicazione della protezione, le superfici devono essere pulite a fondo con idonei detergenti per pietre neutri e certificati. La pulizia rimuove le nebbie di cemento, olio, grasso, nonch\u00e9 i residui di pittura e gesso. Applicare quindi sulla superficie pulita e asciutta un idoneo protettivo superficiale a lunga durata e impermeabile per proteggere la superficie da sporco e sostanze aggressive e per facilitare l&#039;ulteriore cura della superficie.<\/p>\n<p>Si consiglia inoltre una protezione antigraffiti per proteggere i rivestimenti in pietra di pareti e facciate. Nelle aree esterne esposte, si consiglia di pulire le superfici lapidee e di applicare un&#039;impregnazione idrofobica per prevenire gli effetti negativi di cristallizzazione, carbonatazione, infiltrazioni d&#039;acqua e per prevenire la formazione di muffe e alghe.<\/p>\n<p>Il protettivo previene anche gli effetti negativi del cloruro di sodio (NaCl), dovuti alla salatura delle superfici in inverno per ridurre al minimo il rischio di scivolamento.<\/p>\n<p>\n<\/div><\/div><\/div><\/div><\/div><\/div><\/section><\/p>\n","protected":false},"excerpt":{"rendered":"","protected":false},"author":2041,"featured_media":8734,"parent":10644,"menu_order":0,"comment_status":"closed","ping_status":"closed","template":"page-templates\/fullwidthpage.php","meta":{"_acf_changed":false,"inline_featured_image":false,"footnotes":""},"class_list":["post-10640","page","type-page","status-publish","has-post-thumbnail","hentry"],"acf":[],"_links":{"self":[{"href":"https:\/\/marmorsezana.com\/it\/wp-json\/wp\/v2\/pages\/10640","targetHints":{"allow":["GET"]}}],"collection":[{"href":"https:\/\/marmorsezana.com\/it\/wp-json\/wp\/v2\/pages"}],"about":[{"href":"https:\/\/marmorsezana.com\/it\/wp-json\/wp\/v2\/types\/page"}],"author":[{"embeddable":true,"href":"https:\/\/marmorsezana.com\/it\/wp-json\/wp\/v2\/users\/2041"}],"replies":[{"embeddable":true,"href":"https:\/\/marmorsezana.com\/it\/wp-json\/wp\/v2\/comments?post=10640"}],"version-history":[{"count":0,"href":"https:\/\/marmorsezana.com\/it\/wp-json\/wp\/v2\/pages\/10640\/revisions"}],"up":[{"embeddable":true,"href":"https:\/\/marmorsezana.com\/it\/wp-json\/wp\/v2\/pages\/10644"}],"wp:featuredmedia":[{"embeddable":true,"href":"https:\/\/marmorsezana.com\/it\/wp-json\/wp\/v2\/media\/8734"}],"wp:attachment":[{"href":"https:\/\/marmorsezana.com\/it\/wp-json\/wp\/v2\/media?parent=10640"}],"curies":[{"name":"wp","href":"https:\/\/api.w.org\/{rel}","templated":true}]}}