{"id":10644,"date":"2022-07-01T14:08:58","date_gmt":"2022-07-01T12:08:58","guid":{"rendered":"http:\/\/marmor2.razvija.se\/materiali\/"},"modified":"2023-04-21T12:43:28","modified_gmt":"2023-04-21T10:43:28","slug":"materiali","status":"publish","type":"page","link":"https:\/\/marmorsezana.com\/it\/materiali\/","title":{"rendered":"Materiali"},"content":{"rendered":"<p><section class=\"kc-elm kc-css-847474 kc_row\"><div class=\" container-fluid\"><div class=\"row\"><div class=\"kc-elm kc-css-341787 col-12 col-sm-4 column\"><div class=\"kc-col-container\"><div class=\"kc-elm kc-css-622481 kc_text_block\"><\/p>\n<p>I nostri materiali sono pietre calcaree, adatte per la sistemazione di superfici sia esterne che interne.<\/p>\n<p>\n<\/div><\/div><\/div><div class=\"kc-elm kc-css-732523 col-12 col-sm-8 column\"><div class=\"kc-col-container\"><\/div><\/div><\/div><\/div><\/section><section data-kc-equalheight=\"true\" data-kc-equalheight-align=\"middle\" id=\"repen\" class=\"kc-elm kc-css-231963 kc_row\"><div class=\" container-fluid\"><div class=\"row\"><div class=\"kc-elm kc-css-535497 col-12 col-sm-4 column\"><div class=\"kc-col-container\"><div class=\"div-wrapper kc-elm kc-css-51819 \">\n<div class=\"kc-elm kc-css-127608 kc-title-wrap \">\n\n\t<h2 class=\"kc_title\">Repen<\/h2>\n<\/div>\n<div class=\"kc-elm kc-css-935291 kc_text_block\"><\/p>\n<p>Con la sua ricca struttura, ricca di fossili splendidamente conservati, adorna spazi interni o esterni. Con una base grigio chiaro che si adatta praticamente a qualsiasi colore, pu\u00f2 essere incorporato in qualsiasi interno.<\/p>\n<p>\n<\/div><div class=\"clear\"><\/div>\n<div class=\"mod-id-53433 kc-elm kc-css-53433 kc-raw-code arrow-link \">\n    <div class=\"d-flex align-center justify-content-start\">\n        <a href=\"https:\/\/marmorsezana.com\/it\/materiale\/repen\/\">\n            <span class=\"fw-medium\">Leggi di pi\u00f9 sul materiale<\/span>\n            <i class=\"fa-solid fa-arrow-right ml-2 text-body\"><\/i>\n        <\/a>\n    <\/div>\n<\/div>\n\n\n<div class=\"clear\"><\/div>\n<\/div><\/div><\/div><div class=\"kc-elm kc-css-955423 col-12 col-sm-8 column\"><div class=\"kc-col-container\"><div class=\"div-wrapper kc-elm kc-css-641900 \"><div class=\"kc-elm kc-css-229116 kc_shortcode kc_single_image\">\n\n        <img decoding=\"async\" src=\"https:\/\/marmorsezana.com\/wp-content\/uploads\/2022\/08\/1-1.png\" class=\"\" alt=\"\" \/>    <\/div>\n<\/div><\/div><\/div><\/div><\/div><\/section><section data-kc-equalheight=\"true\" data-kc-equalheight-align=\"middle\" id=\"repen\" class=\"kc-elm kc-css-633583 kc_row\"><div class=\" container-fluid\"><div class=\"row\"><div class=\"kc-elm kc-css-566385 col-12 col-sm-4 column\"><div class=\"kc-col-container\"><div class=\"div-wrapper kc-elm kc-css-778016 \">\n<div class=\"kc-elm kc-css-313683 kc-title-wrap \">\n\n\t<h2 class=\"kc_title\">Repen<\/h2>\n<\/div>\n<div class=\"kc-elm kc-css-97191 kc_text_block\"><\/p>\n<p>Con la sua ricca struttura, ricca di fossili splendidamente conservati, adorna spazi interni o esterni. Con una base grigio chiaro che si adatta praticamente a qualsiasi colore, pu\u00f2 essere incorporato in qualsiasi interno.<\/p>\n<p>\n<\/div><\/div><div class=\"div-wrapper kc-elm kc-css-41646 btn-wrapper\">\n<div class=\"kc-elm kc-css-787487\">\n\t<a class=\"kc_button btn btn-primary\" href=\"https:\/\/marmorsezana.com\/material\/repen\/\" target=\"_self\" title=\"Repen\" onclick=\"\">\n\t\tLeggi di pi\u00f9\t<\/a>\n<\/div>\n<div class=\"clear\"><\/div>\n<div class=\"mod-id-570254 kc-elm kc-css-570254 kc-raw-code arrow-link btn text-body\">\n    <div class=\"d-flex align-center justify-content-start\">\n        <a class=\"no-focus btn text-body\" target=\"_blank\" href=\"https:\/\/marmorsezana.com\/wp-content\/uploads\/2024\/08\/REPEN-ITA-8.8.2024.pdf\">\n            <span class=\"fw-medium\">Disponibilit\u00e0 di magazzino<\/span>\n            <i class=\"fa-solid fa-arrow-right ml-2 p-0 text-primary\"><\/i>\n        <\/a>\n    <\/div>\n<\/div>\n\n\n<div class=\"clear\"><\/div>\n<\/div><\/div><\/div><div class=\"kc-elm kc-css-343050 col-12 col-sm-8 column\"><div class=\"kc-col-container\"><div class=\"div-wrapper kc-elm kc-css-452917 \"><div class=\"kc-elm kc-css-224239 kc_shortcode kc_single_image\">\n\n        <img decoding=\"async\" src=\"https:\/\/marmorsezana.com\/wp-content\/uploads\/2022\/08\/1-1.png\" class=\"\" alt=\"\" \/>    <\/div>\n<\/div><\/div><\/div><\/div><\/div><\/section><section data-kc-equalheight=\"true\" data-kc-equalheight-align=\"middle\" id=\"lipica-unito\" class=\"kc-elm kc-css-236577 kc_row\"><div class=\" container-fluid\"><div class=\"row\"><div class=\"kc-elm kc-css-544600 col-12 col-sm-8 column order-2 order-md-1 mt-4 mt-md-0\"><div class=\"kc-col-container\"><div class=\"div-wrapper kc-elm kc-css-181753 \"><div class=\"kc-elm kc-css-386786 kc_shortcode kc_single_image\">\n\n        <img decoding=\"async\" src=\"https:\/\/marmorsezana.com\/wp-content\/uploads\/2022\/08\/2-1.png\" class=\"\" alt=\"\" \/>    <\/div>\n<\/div><\/div><\/div><div class=\"kc-elm kc-css-136164 col-12 col-sm-4 column order-1 order-md-2\"><div class=\"kc-col-container\"><div class=\"div-wrapper kc-elm kc-css-207275 \">\n<div class=\"kc-elm kc-css-905712 kc-title-wrap \">\n\n\t<h2 class=\"kc_title\">Lipica Unito<\/h2>\n<\/div>\n<div class=\"kc-elm kc-css-615987 kc_text_block\"><\/p>\n<p>Lipica Unito si mostra con tutta la sua bellezza, nei toni del grigio chiaro, a volte pi\u00f9 scuri, a volte pi\u00f9 chiari, a volte pi\u00f9, a volte meno uniformi\u2026 ma sempre belli, naturali e autentici!<\/p>\n<p>\n<\/div><div class=\"clear\"><\/div>\n<div class=\"mod-id-823265 kc-elm kc-css-823265 kc-raw-code arrow-link \">\n    <div class=\"d-flex align-center justify-content-start\">\n        <a href=\"https:\/\/marmorsezana.com\/it\/materiale\/lipica-unito\/\">\n            <span class=\"fw-medium\">Leggi di pi\u00f9 sul materiale<\/span>\n            <i class=\"fa-solid fa-arrow-right ml-2 text-body\"><\/i>\n        <\/a>\n    <\/div>\n<\/div>\n\n\n<div class=\"clear\"><\/div>\n<\/div><\/div><\/div><\/div><\/div><\/section><section data-kc-equalheight=\"true\" data-kc-equalheight-align=\"middle\" id=\"lipica-unito\" class=\"kc-elm kc-css-20612 kc_row\"><div class=\" container-fluid\"><div class=\"row\"><div class=\"kc-elm kc-css-116197 col-12 col-sm-8 column order-2 order-md-1 mt-4 mt-md-0\"><div class=\"kc-col-container\"><div class=\"div-wrapper kc-elm kc-css-976152 \"><div class=\"kc-elm kc-css-583275 kc_shortcode kc_single_image\">\n\n        <img decoding=\"async\" src=\"https:\/\/marmorsezana.com\/wp-content\/uploads\/2022\/08\/2-1.png\" class=\"\" alt=\"\" \/>    <\/div>\n<\/div><\/div><\/div><div class=\"kc-elm kc-css-32680 col-12 col-sm-4 column order-1 order-md-2\"><div class=\"kc-col-container\"><div class=\"div-wrapper kc-elm kc-css-539024 \">\n<div class=\"kc-elm kc-css-210383 kc-title-wrap \">\n\n\t<h2 class=\"kc_title\">Lipica Unito<\/h2>\n<\/div>\n<div class=\"kc-elm kc-css-513952 kc_text_block\"><\/p>\n<p>Lipica Unito si mostra con tutta la sua bellezza, nei toni del grigio chiaro, a volte pi\u00f9 scuri, a volte pi\u00f9 chiari, a volte pi\u00f9, a volte meno uniformi\u2026 ma sempre belli, naturali e autentici!<\/p>\n<p>\n<\/div><\/div><div class=\"div-wrapper kc-elm kc-css-233830 btn-wrapper\">\n<div class=\"kc-elm kc-css-276044\">\n\t<a class=\"kc_button btn btn-primary\" href=\"https:\/\/marmorsezana.com\/material\/lipica-unito\/\" target=\"_self\" title=\"Lipica Unito\" onclick=\"\">\n\t\tLeggi di pi\u00f9\t<\/a>\n<\/div>\n<div class=\"clear\"><\/div>\n<div class=\"mod-id-332287 kc-elm kc-css-332287 kc-raw-code arrow-link btn text-body\">\n    <div class=\"d-flex align-center justify-content-start\">\n        <a class=\"no-focus btn text-body\" target=\"_blank\" href=\"https:\/\/marmorsezana.com\/wp-content\/uploads\/2023\/06\/ZALOGA-TLAKI-SEZANA-POSLANO-EMIGMI-LU-ITA-azurirano-31.5.2023.pdf\">\n            <span class=\"fw-medium\">Disponibilit\u00e0 di magazzino<\/span>\n            <i class=\"fa-solid fa-arrow-right ml-2 p-0 text-primary\"><\/i>\n        <\/a>\n    <\/div>\n<\/div>\n\n\n<div class=\"clear\"><\/div>\n<\/div><\/div><\/div><\/div><\/div><\/section><section data-kc-equalheight=\"true\" data-kc-equalheight-align=\"middle\" id=\"lipica-fiorito\" class=\"kc-elm kc-css-161741 kc_row\"><div class=\" container-fluid\"><div class=\"row\"><div class=\"kc-elm kc-css-839020 col-12 col-sm-4 column\"><div class=\"kc-col-container\"><div class=\"div-wrapper kc-elm kc-css-763566 \">\n<div class=\"kc-elm kc-css-866560 kc-title-wrap \">\n\n\t<h2 class=\"kc_title\">Lipica Fiorito<\/h2>\n<\/div>\n<div class=\"kc-elm kc-css-312605 kc_text_block\"><\/p>\n<p>La bellezza del caratteristico aspetto floreale \u00e8 data alla pietra da sezioni di fossili, qui particolarmente ben conservate. Le diverse tonalit\u00e0 di grigio della pietra consentono diversi abbinamenti, sia all&#039;interno della stessa pietra Lipica Fiorito, sia con altri tipi di pietre naturali e materiali.<\/p>\n<p>\n<\/div><div class=\"clear\"><\/div>\n<div class=\"mod-id-53042 kc-elm kc-css-53042 kc-raw-code arrow-link \">\n    <div class=\"d-flex align-center justify-content-start\">\n        <a href=\"https:\/\/marmorsezana.com\/it\/materiale\/lipica-fiorito\/\">\n            <span class=\"fw-medium\">Leggi di pi\u00f9 sul materiale<\/span>\n            <i class=\"fa-solid fa-arrow-right ml-2 text-body\"><\/i>\n        <\/a>\n    <\/div>\n<\/div>\n\n\n<div class=\"clear\"><\/div>\n<\/div><\/div><\/div><div class=\"kc-elm kc-css-153502 col-12 col-sm-8 column mt-4 mt-md-0\"><div class=\"kc-col-container\"><div class=\"div-wrapper kc-elm kc-css-94244 \"><div class=\"kc-elm kc-css-90997 kc_shortcode kc_single_image\">\n\n        <img decoding=\"async\" src=\"https:\/\/marmorsezana.com\/wp-content\/uploads\/2022\/07\/3-1.png\" class=\"\" alt=\"\" \/>    <\/div>\n<\/div><\/div><\/div><\/div><\/div><\/section><section data-kc-equalheight=\"true\" data-kc-equalheight-align=\"middle\" id=\"lipica-fiorito\" class=\"kc-elm kc-css-666531 kc_row\"><div class=\" container-fluid\"><div class=\"row\"><div class=\"kc-elm kc-css-593867 col-12 col-sm-4 column\"><div class=\"kc-col-container\"><div class=\"div-wrapper kc-elm kc-css-374011 \">\n<div class=\"kc-elm kc-css-450462 kc-title-wrap \">\n\n\t<h2 class=\"kc_title\">Lipica Fiorito<\/h2>\n<\/div>\n<div class=\"kc-elm kc-css-291986 kc_text_block\"><\/p>\n<p>La bellezza del caratteristico aspetto floreale \u00e8 data alla pietra da sezioni di fossili, qui particolarmente ben conservate. Le diverse tonalit\u00e0 di grigio della pietra consentono diversi abbinamenti, sia all&#039;interno della stessa pietra Lipica Fiorito, sia con altri tipi di pietre naturali e materiali.<\/p>\n<p>\n<\/div><\/div><div class=\"div-wrapper kc-elm kc-css-371441 btn-wrapper\">\n<div class=\"kc-elm kc-css-808533\">\n\t<a class=\"kc_button btn btn-primary\" href=\"https:\/\/marmorsezana.com\/material\/lipica-fiorito\/\" target=\"_self\" title=\"Lipica Fiorito\" onclick=\"\">\n\t\tLeggi di pi\u00f9\t<\/a>\n<\/div>\n<div class=\"clear\"><\/div>\n<div class=\"mod-id-737125 kc-elm kc-css-737125 kc-raw-code arrow-link btn text-body\">\n    <div class=\"d-flex align-center justify-content-start\">\n        <a class=\"no-focus btn text-body\" target=\"_blank\" href=\"https:\/\/marmorsezana.com\/wp-content\/uploads\/2023\/06\/ZALOGA-TLAKI-SEZANA-POSLANO-EMIGMI-LF-ITA-azurirano-31.5.2023.pdf\">\n            <span class=\"fw-medium\">Disponibilit\u00e0 di magazzino<\/span>\n            <i class=\"fa-solid fa-arrow-right ml-2 p-0 text-primary\"><\/i>\n        <\/a>\n    <\/div>\n<\/div>\n\n\n<div class=\"clear\"><\/div>\n<\/div><\/div><\/div><div class=\"kc-elm kc-css-818710 col-12 col-sm-8 column mt-4 mt-md-0\"><div class=\"kc-col-container\"><div class=\"div-wrapper kc-elm kc-css-994506 \"><div class=\"kc-elm kc-css-891655 kc_shortcode kc_single_image\">\n\n        <img decoding=\"async\" src=\"https:\/\/marmorsezana.com\/wp-content\/uploads\/2022\/07\/3-1.png\" class=\"\" alt=\"\" \/>    <\/div>\n<\/div><\/div><\/div><\/div><\/div><\/section><section data-kc-equalheight=\"true\" data-kc-equalheight-align=\"middle\" id=\"kopriva\" class=\"kc-elm kc-css-185483 kc_row\"><div class=\" container-fluid\"><div class=\"row\"><div class=\"kc-elm kc-css-719538 col-12 col-sm-8 column order-2 order-md-1 mt-4 mt-md-0\"><div class=\"kc-col-container\"><div class=\"div-wrapper kc-elm kc-css-637406 \"><div class=\"kc-elm kc-css-772722 kc_shortcode kc_single_image\">\n\n        <img decoding=\"async\" src=\"https:\/\/marmorsezana.com\/wp-content\/uploads\/2022\/07\/4-1.png\" class=\"\" alt=\"\" \/>    <\/div>\n<\/div><\/div><\/div><div class=\"kc-elm kc-css-770133 col-12 col-sm-4 column order-1 order-md-2\"><div class=\"kc-col-container\"><div class=\"div-wrapper kc-elm kc-css-632356 \">\n<div class=\"kc-elm kc-css-621655 kc-title-wrap \">\n\n\t<h2 class=\"kc_title\">Kopriva<\/h2>\n<\/div>\n<div class=\"kc-elm kc-css-983130 kc_text_block\"><\/p>\n<p>Si tratta essenzialmente di una variante del Repen, un calcare di alta densit\u00e0 e ottima durabilit\u00e0, con una struttura abbastanza uniforme.<\/p>\n<p>\n<\/div><div class=\"clear\"><\/div>\n<div class=\"mod-id-135332 kc-elm kc-css-135332 kc-raw-code arrow-link \">\n    <div class=\"d-flex align-center justify-content-start\">\n        <a href=\"https:\/\/marmorsezana.com\/it\/materiale\/kopriva\/\">\n            <span class=\"fw-medium\">Leggi di pi\u00f9 sul materiale<\/span>\n            <i class=\"fa-solid fa-arrow-right ml-2 text-body\"><\/i>\n        <\/a>\n    <\/div>\n<\/div>\n\n\n<div class=\"clear\"><\/div>\n<\/div><\/div><\/div><\/div><\/div><\/section><section data-kc-equalheight=\"true\" data-kc-equalheight-align=\"middle\" id=\"kopriva\" class=\"kc-elm kc-css-217087 kc_row\"><div class=\" container-fluid\"><div class=\"row\"><div class=\"kc-elm kc-css-355660 col-12 col-sm-8 column order-2 order-md-1 mt-4 mt-md-0\"><div class=\"kc-col-container\"><div class=\"div-wrapper kc-elm kc-css-78359 \"><div class=\"kc-elm kc-css-70324 kc_shortcode kc_single_image\">\n\n        <img decoding=\"async\" src=\"https:\/\/marmorsezana.com\/wp-content\/uploads\/2022\/07\/4-1.png\" class=\"\" alt=\"\" \/>    <\/div>\n<\/div><\/div><\/div><div class=\"kc-elm kc-css-716643 col-12 col-sm-4 column order-1 order-md-2\"><div class=\"kc-col-container\"><div class=\"div-wrapper kc-elm kc-css-949962 \">\n<div class=\"kc-elm kc-css-966854 kc-title-wrap \">\n\n\t<h2 class=\"kc_title\">Kopriva<\/h2>\n<\/div>\n<div class=\"kc-elm kc-css-558180 kc_text_block\"><\/p>\n<p>Si tratta essenzialmente di una variante del Repen, un calcare di alta densit\u00e0 e ottima durabilit\u00e0, con una struttura abbastanza uniforme.<\/p>\n<p>\n<\/div><\/div><div class=\"div-wrapper kc-elm kc-css-38357 btn-wrapper\">\n<div class=\"kc-elm kc-css-215300\">\n\t<a class=\"kc_button btn btn-primary\" href=\"https:\/\/marmorsezana.com\/material\/kopriva\/\" target=\"_self\" title=\"Kopriva\" onclick=\"\">\n\t\tLeggi di pi\u00f9\t<\/a>\n<\/div>\n<div class=\"clear\"><\/div>\n<div class=\"mod-id-215259 kc-elm kc-css-215259 kc-raw-code arrow-link btn text-body\">\n    <div class=\"d-flex align-center justify-content-start\">\n        <a class=\"no-focus btn text-body\" target=\"_blank\" href=\"https:\/\/marmorsezana.com\/wp-content\/uploads\/2024\/08\/KOPRIVA-ITA-8.8.2024.pdf\">\n            <span class=\"fw-medium\">Disponibilit\u00e0 di magazzino<\/span>\n            <i class=\"fa-solid fa-arrow-right ml-2 p-0 text-primary\"><\/i>\n        <\/a>\n    <\/div>\n<\/div>\n\n\n<div class=\"clear\"><\/div>\n<\/div><\/div><\/div><\/div><\/div><\/section><section class=\"kc-elm kc-css-665276 kc_row\"><div class=\" container-fluid\"><div class=\"row\"><div class=\"kc-elm kc-css-264607 col-12 col-sm-12 column\"><div class=\"kc-col-container\"><div class=\"div-wrapper kc-elm kc-css-334117 mw-100\">\n<div class=\"kc-elm kc-css-669741 kc-title-wrap \">\n\n\t<h2 class=\"kc_title text-white\">Venite a trovarci. <br>\r\nScriveteci.<\/h2>\n<\/div>\n<div class=\"kc-elm kc-css-699161 kc_text_block\"><\/p>\n<p>Abili venditori e architetti faranno in modo che i vostri desideri e sogni diventino realt\u00e0. Se avete bisogno di una consulenza o di un&#039;offerta, vi invitiamo a venire alla sede dell&#039;azienda o a compilare il modulo online.<\/p>\n<p>\n<\/div><div class=\"clear\"><\/div>\n<div class=\"mod-id-858892 kc-elm kc-css-858892 kc-raw-code arrow-link text-white\">\n    <div class=\"d-flex align-center justify-content-start\">\n        <a href=\"https:\/\/marmorsezana.com\/it\/richiesta\/\">\n            <span class=\"fw-medium\">Invia una richiesta<\/span>\n            <i class=\"fa-solid fa-arrow-right ml-2 text-body\"><\/i>\n        <\/a>\n    <\/div>\n<\/div>\n\n\n<div class=\"clear\"><\/div>\n<\/div><\/div><\/div><\/div><\/div><\/section><section data-kc-equalheight=\"true\" data-kc-equalheight-align=\"middle\" class=\"kc-elm kc-css-43722 kc_row\"><div class=\" container-fluid\"><div class=\"row\"><div class=\"kc-elm kc-css-597687 col-12 col-sm-4 column\"><div class=\"kc-col-container\"><div class=\"div-wrapper kc-elm kc-css-760826 \">\n<div class=\"kc-elm kc-css-975777 kc-title-wrap \">\n\n\t<h2 class=\"kc_title\">La ricchezza delle nostre cave sempre a portata di mano<\/h2>\n<\/div>\n<div class=\"kc-elm kc-css-264559 kc_text_block\"><\/p>\n<p>Con le nostre cave, forniamo la pietra naturale indipendentemente dai mercati globali.<\/p>\n<p>La vicinanza di cave e unit\u00e0 produttive consente un accesso rapido e locale alle materie prime.<\/p>\n<p>\n<\/div><div class=\"clear\"><\/div>\n<div class=\"mod-id-267886 kc-elm kc-css-267886 kc-raw-code arrow-link \">\n    <div class=\"d-flex align-center justify-content-start\">\n        <a href=\"https:\/\/marmorsezana.com\/it\/richiesta\/\">\n            <span class=\"fw-medium\">Invia una richiesta<\/span>\n            <i class=\"fa-solid fa-arrow-right ml-2 text-body\"><\/i>\n        <\/a>\n    <\/div>\n<\/div>\n\n\n<div class=\"clear\"><\/div>\n<\/div><\/div><\/div><div class=\"kc-elm kc-css-43594 col-12 col-sm-8 column\"><div class=\"kc-col-container\"><div class=\"div-wrapper kc-elm kc-css-9808 \"><div class=\"kc-elm kc-css-613852 kc_shortcode kc_single_image\">\n\n        <img decoding=\"async\" src=\"https:\/\/marmorsezana.com\/wp-content\/uploads\/2022\/10\/Group-669.svg\" class=\"\" alt=\"\" \/>    <\/div>\n<\/div><\/div><\/div><\/div><\/div><\/section><section class=\"kc-elm kc-css-136314 kc_row background-helper\"><div class=\" container-fluid\"><div class=\"row\"><div class=\"kc-elm kc-css-347009 col-12 col-sm-12 column\"><div class=\"kc-col-container\"><div class=\"div-wrapper kc-elm kc-css-127631 ml-md-auto mw-100\">\n<div class=\"kc-elm kc-css-843954 kc-title-wrap \">\n\n\t<h2 class=\"kc_title\">Istruzioni per la manutenzione delle superfici in pietra<\/h2>\n<\/div>\n<div class=\"kc-elm kc-css-368658 kc_text_block\"><\/p>\n<p>Quando la pietra \u00e8 posata e il lavoro \u00e8 completato, l&#039;aspetto \u00e8 bellissimo. Esattamente come lo volevamo. Ma poi? Per assicurarti che le tue superfici in pietra siano costantemente curate, abbiamo alcuni consigli pratici per te.<\/p>\n<p>\n<\/div><div class=\"clear\"><\/div>\n<div class=\"mod-id-80049 kc-elm kc-css-80049 kc-raw-code arrow-link d-flex justify-content-end\">\n    <div class=\"d-flex align-center justify-content-start\">\n        <a href=\" https:\/\/marmorsezana.com\/it\/materiali\/istruzioni-per-la-manutenzione-della-pietra\/\">\n            <span class=\"fw-medium\">Leggi di pi\u00f9<\/span>\n            <i class=\"fa-solid fa-arrow-right ml-2 text-body\"><\/i>\n        <\/a>\n    <\/div>\n<\/div>\n\n\n<div class=\"clear\"><\/div>\n<\/div><\/div><\/div><\/div><\/div><\/section><\/p>\n","protected":false},"excerpt":{"rendered":"","protected":false},"author":2041,"featured_media":10385,"parent":0,"menu_order":0,"comment_status":"closed","ping_status":"closed","template":"page-templates\/fullwidthpage.php","meta":{"_acf_changed":false,"inline_featured_image":false,"footnotes":""},"class_list":["post-10644","page","type-page","status-publish","has-post-thumbnail","hentry"],"acf":[],"_links":{"self":[{"href":"https:\/\/marmorsezana.com\/it\/wp-json\/wp\/v2\/pages\/10644","targetHints":{"allow":["GET"]}}],"collection":[{"href":"https:\/\/marmorsezana.com\/it\/wp-json\/wp\/v2\/pages"}],"about":[{"href":"https:\/\/marmorsezana.com\/it\/wp-json\/wp\/v2\/types\/page"}],"author":[{"embeddable":true,"href":"https:\/\/marmorsezana.com\/it\/wp-json\/wp\/v2\/users\/2041"}],"replies":[{"embeddable":true,"href":"https:\/\/marmorsezana.com\/it\/wp-json\/wp\/v2\/comments?post=10644"}],"version-history":[{"count":0,"href":"https:\/\/marmorsezana.com\/it\/wp-json\/wp\/v2\/pages\/10644\/revisions"}],"wp:featuredmedia":[{"embeddable":true,"href":"https:\/\/marmorsezana.com\/it\/wp-json\/wp\/v2\/media\/10385"}],"wp:attachment":[{"href":"https:\/\/marmorsezana.com\/it\/wp-json\/wp\/v2\/media?parent=10644"}],"curies":[{"name":"wp","href":"https:\/\/api.w.org\/{rel}","templated":true}]}}