{"id":10663,"date":"2022-07-01T12:00:16","date_gmt":"2022-07-01T10:00:16","guid":{"rendered":"http:\/\/marmor2.razvija.se\/o-podjetju\/"},"modified":"2024-10-15T13:09:43","modified_gmt":"2024-10-15T11:09:43","slug":"di-piu-sullazienda","status":"publish","type":"page","link":"https:\/\/marmorsezana.com\/it\/di-piu-sullazienda\/","title":{"rendered":"Di pi\u00f9 sull&#8217;azienda"},"content":{"rendered":"<p><section class=\"kc-elm kc-css-584354 kc_row\"><div class=\" container-fluid\"><div class=\"row\"><div class=\"kc-elm kc-css-354213 col-12 col-sm-3 column\"><div class=\"kc-col-container\"><div class=\"kc-elm kc-css-164182 kc_text_block\"><\/p>\n<p>Marmor, Se\u017eana d.d. \u00e8 una delle aziende specializzate per il taglio della pietra con piu esperienza in Slovenia. Dal 1947 \u00e8 impegnata nell&#039;estrazione e nella lavorazione della pietra naturale del Carso. Piu di 75 anni di tradizione le permettono di coniugare il nuovo, il moderno con il rispetto della tradizione, del patrimonio culturale e naturale.<\/p>\n<p>L&#039;azienda possiede quattro cave (Lipica I, Lipica II, Doline, Kopriva), dove i lavori sono gi\u00e0 in corso; altri tre siti si trovano in diverse fasi di esplorazione o apertura. Le sue cave producono pietra naturale del Carso, nota come Lipica Unito, Lipica Fiorito, Repen e Kopriva, di cui detiene l&#039;esclusiva per la vendita.<\/p>\n<p>La propria materia prima consente all&#039;azienda di lavorare indipendentemente dai mercati globali della pietra naturale, poich\u00e9 il materiale \u00e8 sempre disponibile. La produzione stessa avviene in due siti, a Se\u017eana e a Lipica. La vicinanza delle cave e delle unit\u00e0 produttive consente un rapido e locale accesso alla materia prima.<\/p>\n<p>La pietra proveniente dalle cave e dai laboratori dell&#039;azienda adorna le facciate di molte case, strade e piazze sia in Slovenia che in altre citt\u00e0 europee. \u00c8 anche molto conosciuto e apprezzato in Medio ed Estremo Oriente, nella Penisola Arabica e in America.<\/p>\n<p>\n<\/div><\/div><\/div><div class=\"kc-elm kc-css-346214 col-12 col-sm-9 column\"><div class=\"kc-col-container\"><div class=\"div-wrapper kc-elm kc-css-629203 \"><\/div><div class=\"kc-elm kc-css-721613 row\"><div class=\"kc-elm kc-css-967927 col-12 col-sm-6 column_inner\"><div class=\"kc_wrapper kc-col-inner-container\"><div class=\"div-wrapper kc-elm kc-css-907657 \"><\/div><\/div><\/div><div class=\"kc-elm kc-css-162644 col-12 col-sm-6 column_inner mt-4 mt-md-0\"><div class=\"kc_wrapper kc-col-inner-container\"><div class=\"div-wrapper kc-elm kc-css-815117 \"><\/div><\/div><\/div><\/div><\/div><\/div><\/div><\/div><\/section><section data-kc-equalheight=\"true\" data-kc-equalheight-align=\"middle\" class=\"kc-elm kc-css-636888 kc_row\"><div class=\" container-fluid\"><div class=\"row\"><div class=\"kc-elm kc-css-629549 col-12 col-sm-4 column\"><div class=\"kc-col-container\"><div class=\"div-wrapper kc-elm kc-css-769304 \">\n<div class=\"kc-elm kc-css-2275 kc-title-wrap \">\n\n\t<h2 class=\"kc_title\">La ricchezza delle nostre cave sempre a portata di mano<\/h2>\n<\/div>\n<div class=\"kc-elm kc-css-991506 kc_text_block\"><\/p>\n<p>Con le nostre cave, forniamo la pietra naturale indipendentemente dai mercati globali.<\/p>\n<p>La vicinanza di cave e unit\u00e0 produttive consente un accesso rapido e locale alle materie prime.<\/p>\n<p>\n<\/div><div class=\"clear\"><\/div>\n<div class=\"mod-id-559652 kc-elm kc-css-559652 kc-raw-code arrow-link \">\n    <div class=\"d-flex align-center justify-content-start\">\n        <a href=\"https:\/\/marmorsezana.com\/it\/richiesta\/\">\n            <span class=\"fw-medium\">Invia una richiesta<\/span>\n            <i class=\"fa-solid fa-arrow-right ml-2 text-body\"><\/i>\n        <\/a>\n    <\/div>\n<\/div>\n\n\n<div class=\"clear\"><\/div>\n<\/div><\/div><\/div><div class=\"kc-elm kc-css-459650 col-12 col-sm-8 column mt-4 mt-md-0\"><div class=\"kc-col-container\"><div class=\"div-wrapper kc-elm kc-css-702907 \"><div class=\"kc-elm kc-css-710261 kc_shortcode kc_single_image\">\n\n        <img decoding=\"async\" src=\"https:\/\/marmorsezana.com\/wp-content\/uploads\/2022\/10\/Group-669.svg\" class=\"\" alt=\"\" \/>    <\/div>\n<\/div><\/div><\/div><\/div><\/div><\/section><section data-kc-equalheight=\"true\" data-kc-equalheight-align=\"middle\" class=\"kc-elm kc-css-615941 kc_row\"><div class=\" container-fluid\"><div class=\"row\"><div class=\"kc-elm kc-css-457000 col-12 col-sm-8 column\"><div class=\"kc-col-container\"><div class=\"div-wrapper kc-elm kc-css-347965 \"><\/div><div class=\"kc-elm kc-css-301005 row\"><div class=\"kc-elm kc-css-864731 col-12 col-sm-6 column_inner\"><div class=\"kc_wrapper kc-col-inner-container\"><div class=\"div-wrapper kc-elm kc-css-186304 \"><\/div><\/div><\/div><div class=\"kc-elm kc-css-334922 col-12 col-sm-6 column_inner mt-4 mt-md-0\"><div class=\"kc_wrapper kc-col-inner-container\"><div class=\"div-wrapper kc-elm kc-css-124146 \"><\/div><\/div><\/div><\/div><\/div><\/div><div class=\"kc-elm kc-css-206071 col-12 col-sm-4 column mt-4 mt-md-0\"><div class=\"kc-col-container\"><div class=\"div-wrapper kc-elm kc-css-105276 \">\n<div class=\"kc-elm kc-css-439107 kc-title-wrap \">\n\n\t<h2 class=\"kc_title\">Omogo\u010damo razvoj kadrov<\/h2>\n<\/div>\n<div class=\"kc-elm kc-css-387152 kc_text_block\"><\/p>\n<p>Verjamemo, da lahko vsak zaposlen pripomore k razvoju podjetja in da je vsak posameznik pomemben del mozaika na\u0161e uspe\u0161ne zgodbe.<\/p>\n<p>\n<\/div><div class=\"clear\"><\/div>\n<div class=\"mod-id-910646 kc-elm kc-css-910646 kc-raw-code arrow-link \">\n    <div class=\"d-flex align-center justify-content-start\">\n        <a href=\"https:\/\/marmorsezana.com\/o-podjetju\/razvoj-kadrov\/\">\n            <span class=\"fw-medium\">Preberi ve\u010d<\/span>\n            <i class=\"fa-solid fa-arrow-right ml-2 text-body\"><\/i>\n        <\/a>\n    <\/div>\n<\/div>\n\n\n<div class=\"clear\"><\/div>\n<\/div><\/div><\/div><\/div><\/div><\/section><section data-kc-equalheight=\"true\" data-kc-equalheight-align=\"middle\" class=\"kc-elm kc-css-828261 kc_row\"><div class=\" container-fluid\"><div class=\"row\"><div class=\"kc-elm kc-css-670785 col-12 col-sm-5 column bg-primary text-white o-podjetju\"><div class=\"kc-col-container\"><div class=\"div-wrapper kc-elm kc-css-858999 mw-100\">\n<div class=\"kc-elm kc-css-957713 kc-title-wrap \">\n\n\t<h2 class=\"kc_title text-white\">Informazioni sull'azienda<\/h2>\n<\/div>\n<div class=\"kc-elm kc-css-17330 kc_text_block\"><\/p>\n<table class=\"invis\">\n<tbody>\n<tr>\n<th>Nome<\/th>\n<td>Marmor, Se\u017eana d.d.<\/td>\n<\/tr>\n<tr>\n<th>Indirizzo<\/th>\n<td>Partizanska cesta 73 A<\/td>\n<\/tr>\n<tr>\n<th>Posta e luogo<\/th>\n<td>Se\u017eana, 6210 Se\u017eana<\/td>\n<\/tr>\n<tr>\n<th>IBAN<\/th>\n<td>SI56 1010 0000 0017 843<br \/>Banka Intesa Sanpaolo d.d.<\/td>\n<\/tr>\n<tr>\n<th>Codice fiscale<\/th>\n<td>SI40342085<\/td>\n<\/tr>\n<tr>\n<th>Numero di registrazione<\/th>\n<td>5090725000<\/td>\n<\/tr>\n<tr>\n<th>Telefono<\/th>\n<td>+386 5 731 11 00<\/td>\n<\/tr>\n<tr>\n<th>Indirizzo e-mail<\/th>\n<td>info@marmorsezana.com<\/td>\n<\/tr>\n<\/tbody>\n<\/table>\n<p>\n<\/div><\/div><\/div><\/div><div class=\"kc-elm kc-css-170501 col-12 col-sm-7 column\"><div class=\"kc-col-container\"><div class=\"div-wrapper kc-elm kc-css-791315 \"><div class=\"kc-image-gallery kc-elm kc-css-249898\">\n<div class=\"kc_image_gallery kc-carousel-image kc-grid  gallery-columns-3\">\n<div class=\"item-grid grid-3\"><img decoding=\"async\" src=\"https:\/\/marmorsezana.com\/wp-content\/uploads\/2022\/07\/DELO-V-KAMNOLOMU.jpg\" alt=\"\"\/><\/div><div class=\"item-grid grid-3\"><img decoding=\"async\" src=\"https:\/\/marmorsezana.com\/wp-content\/uploads\/2022\/07\/kamnolom-in-proizvodnja-Lipica.jpg\" alt=\"\"\/><\/div><div class=\"item-grid grid-3\"><img decoding=\"async\" src=\"https:\/\/marmorsezana.com\/wp-content\/uploads\/2022\/07\/v-kamnolomu.jpg\" alt=\"\"\/><\/div><\/div>\n<\/div><\/div><\/div><\/div><\/div><\/div><\/section><section class=\"kc-elm kc-css-455940 kc_row background-helper\"><div class=\" container-fluid\"><div class=\"row\"><div class=\"kc-elm kc-css-963286 col-12 col-sm-12 column\"><div class=\"kc-col-container\"><div class=\"div-wrapper kc-elm kc-css-288629 ml-md-auto mw-100\">\n<div class=\"kc-elm kc-css-317490 kc-title-wrap \">\n\n\t<h2 class=\"kc_title\">Sklic 12. skup\u0161\u010dine<\/h2>\n<\/div>\n<div class=\"kc-elm kc-css-69147 kc_text_block\"><\/p>\n<p>Vabimo vas na 12. skup\u0161\u010dino podjetja Marmor Se\u017eana, ki bo v torek, 24. 5. 2022 ob 18. uri v prostorih dru\u017ebe.<\/p>\n<p>\n<\/div>\n<div class=\"kc-elm kc-css-827609 kc-title-wrap \">\n\n\t<h3 class=\"kc_title\">Gradivo<\/h3>\n<\/div>\n<div class=\"clear\"><\/div>\n<div class=\"mod-id-593899 kc-elm kc-css-593899 kc-raw-code arrow-link d-flex justify-content-end\">\n    <div class=\"d-flex align-center justify-content-start\">\n        <a href=\"#\">\n            <span class=\"fw-medium\">Ime datoteke<\/span>\n            <i class=\"fa-solid fa-arrow-right ml-2 text-body\"><\/i>\n        <\/a>\n    <\/div>\n<\/div>\n\n\n<div class=\"clear\"><\/div>\n<div class=\"clear\"><\/div>\n<div class=\"mod-id-247830 kc-elm kc-css-247830 kc-raw-code arrow-link d-flex justify-content-end\">\n    <div class=\"d-flex align-center justify-content-start\">\n        <a href=\"#\">\n            <span class=\"fw-medium\">Ime druge datoteke<\/span>\n            <i class=\"fa-solid fa-arrow-right ml-2 text-body\"><\/i>\n        <\/a>\n    <\/div>\n<\/div>\n\n\n<div class=\"clear\"><\/div>\n<\/div><\/div><\/div><\/div><\/div><\/section><section class=\"kc-elm kc-css-84958 kc_row px-0\"><div class=\" container-fluid\"><div class=\"row\"><div class=\"kc-elm kc-css-269504 col-12 col-sm-12 column\"><div class=\"kc-col-container\"><div class=\"kc-elm kc-css-505497 kc-raw-code\">\n    <\/div><\/div><\/div><\/div><\/div><\/section><\/p>\n","protected":false},"excerpt":{"rendered":"","protected":false},"author":2041,"featured_media":8013,"parent":0,"menu_order":0,"comment_status":"closed","ping_status":"closed","template":"page-templates\/fullwidthpage.php","meta":{"_acf_changed":false,"inline_featured_image":false,"footnotes":""},"class_list":["post-10663","page","type-page","status-publish","has-post-thumbnail","hentry"],"acf":[],"_links":{"self":[{"href":"https:\/\/marmorsezana.com\/it\/wp-json\/wp\/v2\/pages\/10663","targetHints":{"allow":["GET"]}}],"collection":[{"href":"https:\/\/marmorsezana.com\/it\/wp-json\/wp\/v2\/pages"}],"about":[{"href":"https:\/\/marmorsezana.com\/it\/wp-json\/wp\/v2\/types\/page"}],"author":[{"embeddable":true,"href":"https:\/\/marmorsezana.com\/it\/wp-json\/wp\/v2\/users\/2041"}],"replies":[{"embeddable":true,"href":"https:\/\/marmorsezana.com\/it\/wp-json\/wp\/v2\/comments?post=10663"}],"version-history":[{"count":0,"href":"https:\/\/marmorsezana.com\/it\/wp-json\/wp\/v2\/pages\/10663\/revisions"}],"wp:featuredmedia":[{"embeddable":true,"href":"https:\/\/marmorsezana.com\/it\/wp-json\/wp\/v2\/media\/8013"}],"wp:attachment":[{"href":"https:\/\/marmorsezana.com\/it\/wp-json\/wp\/v2\/media?parent=10663"}],"curies":[{"name":"wp","href":"https:\/\/api.w.org\/{rel}","templated":true}]}}