{"id":10667,"date":"2022-07-01T11:57:40","date_gmt":"2022-07-01T09:57:40","guid":{"rendered":"http:\/\/marmor2.razvija.se\/kamnolomi\/"},"modified":"2022-10-16T13:35:41","modified_gmt":"2022-10-16T11:35:41","slug":"cave","status":"publish","type":"page","link":"https:\/\/marmorsezana.com\/it\/cave\/","title":{"rendered":"Cave"},"content":{"rendered":"<p><section class=\"kc-elm kc-css-269825 kc_row\"><div class=\" container-fluid\"><div class=\"row\"><div class=\"kc-elm kc-css-648436 col-12 col-sm-4 column\"><div class=\"kc-col-container\"><div class=\"kc-elm kc-css-152926 kc_text_block\"><\/p>\n<p>Tutta la tradizione del Carso nasce dalla pietra che conferisce al Carso il suo caratteristico colore grigio. Ci\u00f2 \u00e8 dovuto ai kavadur (operai nelle cave), che hanno investito la loro energia, vitalit\u00e0 e giovinezza nelle cave, le quali sono davvero numerose sul Carso.<\/p>\n<p>Sulle loro spalle oggi si costruiscono moderne cave carsiche e officine di taglio della pietra. Li guardiamo con orgoglio e dalle loro opere traiamo ispirazione per ulteriori lavori.<\/p>\n<p>\n<\/div><\/div><\/div><div class=\"kc-elm kc-css-553184 col-12 col-sm-8 column\"><div class=\"kc-col-container\"><\/div><\/div><\/div><\/div><\/section><section data-kc-equalheight=\"true\" data-kc-equalheight-align=\"middle\" id=\"lipica-1\" class=\"kc-elm kc-css-962384 kc_row\"><div class=\" container-fluid\"><div class=\"row\"><div class=\"kc-elm kc-css-249759 col-12 col-sm-4 column\"><div class=\"kc-col-container\"><div class=\"div-wrapper kc-elm kc-css-25241 \">\n<div class=\"kc-elm kc-css-354305 kc-title-wrap \">\n\n\t<h2 class=\"kc_title\">Cava Lipica I<\/h2>\n<\/div>\n<div class=\"kc-elm kc-css-244288 kc_text_block\"><\/p>\n<p>La cava Lipica I \u00e8 la cava pi\u00f9 grande dell&#039;azienda Marmor, Se\u017eana d.d. In essa si estrae la pietra naturale Lipica Fiorito e, in misura minore, Lipica Unito. L&#039;estrazione sia superficiale che sotterranea di pietra naturale consente il funzionamento continuo della cava e quindi un approvvigionamento garantito di pietra naturale.<\/p>\n<p>\n<\/div><div class=\"clear\"><\/div>\n<div class=\"mod-id-380201 kc-elm kc-css-380201 kc-raw-code arrow-link \">\n    <div class=\"d-flex align-center justify-content-start\">\n        <a href=\"https:\/\/marmorsezana.com\/it\/materiali#lipica-fiorito\">\n            <span class=\"fw-medium\">Vedi i materiali<\/span>\n            <i class=\"fa-solid fa-arrow-right ml-2 text-body\"><\/i>\n        <\/a>\n    <\/div>\n<\/div>\n\n\n<div class=\"clear\"><\/div>\n<\/div><\/div><\/div><div class=\"kc-elm kc-css-948767 col-12 col-sm-8 column mt-4 mt-md-0\"><div class=\"kc-col-container\"><div class=\"div-wrapper kc-elm kc-css-815599 \"><div class=\"kc-image-gallery kc-elm kc-css-188843\">\n<div class=\"kc_image_gallery kc-carousel-image kc-grid  gallery-columns-2\">\n<div class=\"item-grid grid-2\"><img decoding=\"async\" src=\"https:\/\/marmorsezana.com\/wp-content\/uploads\/2022\/07\/IMG_7779.jpg\" alt=\"\"\/><\/div><div class=\"item-grid grid-2\"><img decoding=\"async\" src=\"https:\/\/marmorsezana.com\/wp-content\/uploads\/2022\/07\/IMG_4216.jpg\" alt=\"\"\/><\/div><div class=\"item-grid grid-2\"><img decoding=\"async\" src=\"https:\/\/marmorsezana.com\/wp-content\/uploads\/2022\/07\/D78_4412.jpg\" alt=\"\"\/><\/div><div class=\"item-grid grid-2\"><img decoding=\"async\" src=\"https:\/\/marmorsezana.com\/wp-content\/uploads\/2022\/07\/750_7430.jpg\" alt=\"\"\/><\/div><\/div>\n<\/div><\/div><\/div><\/div><\/div><\/div><\/section><section data-kc-equalheight=\"true\" data-kc-equalheight-align=\"middle\" id=\"lipica-2\" class=\"kc-elm kc-css-880598 kc_row\"><div class=\" container-fluid\"><div class=\"row\"><div class=\"kc-elm kc-css-526624 col-12 col-sm-8 column order-2 order-md-1 mt-4 mt-md-0\"><div class=\"kc-col-container\"><div class=\"div-wrapper kc-elm kc-css-454659 \"><div class=\"kc-image-gallery kc-elm kc-css-811407\">\n<div class=\"kc_image_gallery kc-carousel-image kc-grid  gallery-columns-2\">\n<div class=\"item-grid grid-2\"><img decoding=\"async\" src=\"https:\/\/marmorsezana.com\/wp-content\/uploads\/2022\/07\/DSC_8421.jpg\" alt=\"\"\/><\/div><div class=\"item-grid grid-2\"><img decoding=\"async\" src=\"https:\/\/marmorsezana.com\/wp-content\/uploads\/2022\/07\/IMG_3929.jpg\" alt=\"\"\/><\/div><div class=\"item-grid grid-2\"><img decoding=\"async\" src=\"https:\/\/marmorsezana.com\/wp-content\/uploads\/2022\/07\/DSC_8362.jpg\" alt=\"\"\/><\/div><div class=\"item-grid grid-2\"><img decoding=\"async\" src=\"https:\/\/marmorsezana.com\/wp-content\/uploads\/2022\/07\/DSC_8314.jpg\" alt=\"\"\/><\/div><\/div>\n<\/div><\/div><\/div><\/div><div class=\"kc-elm kc-css-372896 col-12 col-sm-4 column order-1 order-md-2\"><div class=\"kc-col-container\"><div class=\"div-wrapper kc-elm kc-css-144170 \">\n<div class=\"kc-elm kc-css-26258 kc-title-wrap \">\n\n\t<h2 class=\"kc_title\">Cava Lipica II<\/h2>\n<\/div>\n<div class=\"kc-elm kc-css-871599 kc_text_block\"><\/p>\n<p>La pi\u00f9 grande cava sotterranea di pietra naturale in Slovenia si trova a pochi passi dalla citt\u00e0 di Se\u017eana. Qui viene estratta la pietra naturale Lipica Unito. Marmor, Se\u017eana d.d. con il proprio metodo di scavo gestisce e progetta i lavori in cava in modo tale che questi non influiscano sulla superficie. Ci\u00f2 preserva i tipici habitat carsici e la regione carsica, e l&#039;impatto della cava sul territorio circostante \u00e8 minimo.<\/p>\n<p>\n<\/div><div class=\"clear\"><\/div>\n<div class=\"mod-id-235530 kc-elm kc-css-235530 kc-raw-code arrow-link \">\n    <div class=\"d-flex align-center justify-content-start\">\n        <a href=\"https:\/\/marmorsezana.com\/it\/materiali#lipica-unito\">\n            <span class=\"fw-medium\">Vedi i materiali<\/span>\n            <i class=\"fa-solid fa-arrow-right ml-2 text-body\"><\/i>\n        <\/a>\n    <\/div>\n<\/div>\n\n\n<div class=\"clear\"><\/div>\n<\/div><\/div><\/div><\/div><\/div><\/section><section data-kc-equalheight=\"true\" data-kc-equalheight-align=\"middle\" class=\"kc-elm kc-css-807936 kc_row\"><div class=\" container-fluid\"><div class=\"row\"><div class=\"kc-elm kc-css-855826 col-12 col-sm-4 column\"><div class=\"kc-col-container\"><div class=\"div-wrapper kc-elm kc-css-684479 \">\n<div class=\"kc-elm kc-css-887806 kc-title-wrap \">\n\n\t<h2 class=\"kc_title\">La ricchezza delle nostre cave sempre a portata di mano<\/h2>\n<\/div>\n<div class=\"kc-elm kc-css-383439 kc_text_block\"><\/p>\n<p>Con le nostre cave, forniamo la pietra naturale indipendentemente dai mercati globali.<\/p>\n<p>La vicinanza di cave e unit\u00e0 produttive consente un accesso rapido e locale alle materie prime.<\/p>\n<p>\n<\/div><div class=\"clear\"><\/div>\n<div class=\"mod-id-579478 kc-elm kc-css-579478 kc-raw-code arrow-link \">\n    <div class=\"d-flex align-center justify-content-start\">\n        <a href=\"https:\/\/marmorsezana.com\/it\/richiesta\/\">\n            <span class=\"fw-medium\">Invia una richiesta<\/span>\n            <i class=\"fa-solid fa-arrow-right ml-2 text-body\"><\/i>\n        <\/a>\n    <\/div>\n<\/div>\n\n\n<div class=\"clear\"><\/div>\n<\/div><\/div><\/div><div class=\"kc-elm kc-css-549823 col-12 col-sm-8 column mt-4 mt-md-0\"><div class=\"kc-col-container\"><div class=\"div-wrapper kc-elm kc-css-132218 \"><div class=\"kc-elm kc-css-808667 kc_shortcode kc_single_image\">\n\n        <img decoding=\"async\" src=\"https:\/\/marmorsezana.com\/wp-content\/uploads\/2022\/10\/Group-669.svg\" class=\"\" alt=\"\" \/>    <\/div>\n<\/div><\/div><\/div><\/div><\/div><\/section><section data-kc-equalheight=\"true\" data-kc-equalheight-align=\"middle\" id=\"doline\" class=\"kc-elm kc-css-509221 kc_row\"><div class=\" container-fluid\"><div class=\"row\"><div class=\"kc-elm kc-css-707395 col-12 col-sm-8 column order-2 order-md-1 mt-4 mt-md-0\"><div class=\"kc-col-container\"><div class=\"div-wrapper kc-elm kc-css-541272 \"><div class=\"kc-image-gallery kc-elm kc-css-685255\">\n<div class=\"kc_image_gallery kc-carousel-image kc-grid  gallery-columns-2\">\n<div class=\"item-grid grid-2\"><img decoding=\"async\" src=\"https:\/\/marmorsezana.com\/wp-content\/uploads\/2022\/07\/DSC_9095.jpg\" alt=\"\"\/><\/div><div class=\"item-grid grid-2\"><img decoding=\"async\" src=\"https:\/\/marmorsezana.com\/wp-content\/uploads\/2022\/07\/IMG_8072.jpg\" alt=\"\"\/><\/div><div class=\"item-grid grid-2\"><img decoding=\"async\" src=\"https:\/\/marmorsezana.com\/wp-content\/uploads\/2022\/07\/IMG_8027.jpg\" alt=\"\"\/><\/div><div class=\"item-grid grid-2\"><img decoding=\"async\" src=\"https:\/\/marmorsezana.com\/wp-content\/uploads\/2022\/07\/DSC_8977.jpg\" alt=\"\"\/><\/div><\/div>\n<\/div><\/div><\/div><\/div><div class=\"kc-elm kc-css-300090 col-12 col-sm-4 column order-1 order-md-2\"><div class=\"kc-col-container\"><div class=\"div-wrapper kc-elm kc-css-628591 \">\n<div class=\"kc-elm kc-css-390596 kc-title-wrap \">\n\n\t<h2 class=\"kc_title\">Cava Doline<\/h2>\n<\/div>\n<div class=\"kc-elm kc-css-277423 kc_text_block\"><\/p>\n<p>Nella cava Doline si estrae la pietra naturale carsica di altissima qualit\u00e0 &#8211; Repen. La cava, aperta a cavallo tra 19\u00b0 e 20\u00b0 secolo, \u00e8 stata chiusa e riaperta pi\u00f9 volte nella sua storia. Oggi, con la conoscenza dell&#039;azienda, opera e fornisce con successo pietra naturale da quasi 20 anni. Nella cava, i lavori vengono eseguiti esclusivamente nel sottosuolo, il che consente la convivenza tra natura e pietra nel futuro.<\/p>\n<p>\n<\/div><div class=\"clear\"><\/div>\n<div class=\"mod-id-113899 kc-elm kc-css-113899 kc-raw-code arrow-link \">\n    <div class=\"d-flex align-center justify-content-start\">\n        <a href=\"https:\/\/marmorsezana.com\/it\/materiali#repen\">\n            <span class=\"fw-medium\">Vedi i materiali<\/span>\n            <i class=\"fa-solid fa-arrow-right ml-2 text-body\"><\/i>\n        <\/a>\n    <\/div>\n<\/div>\n\n\n<div class=\"clear\"><\/div>\n<\/div><\/div><\/div><\/div><\/div><\/section><section data-kc-equalheight=\"true\" data-kc-equalheight-align=\"middle\" id=\"kopriva\" class=\"kc-elm kc-css-655247 kc_row\"><div class=\" container-fluid\"><div class=\"row\"><div class=\"kc-elm kc-css-252141 col-12 col-sm-4 column\"><div class=\"kc-col-container\"><div class=\"div-wrapper kc-elm kc-css-269727 \">\n<div class=\"kc-elm kc-css-601700 kc-title-wrap \">\n\n\t<h2 class=\"kc_title\">Cava Kopriva<\/h2>\n<\/div>\n<div class=\"kc-elm kc-css-185163 kc_text_block\"><\/p>\n<p>La pi\u00f9 giovane tra le cave dell&#039;azienda Marmor, Se\u017eana d.d. \u00e8 la cava di Kopriva. Produce la pietra naturale Kopriva, nota per la sua durezza e resistenza. La cava di Kopriva \u00e8 l&#039;unica cava dell&#039;azienda completamente aperta come miniera a cielo aperto. Man mano che la cava si espande e la produzione aumenta, anche questa cava si sposter\u00e0 nel sottosuolo.<\/p>\n<p>\n<\/div><div class=\"clear\"><\/div>\n<div class=\"mod-id-734104 kc-elm kc-css-734104 kc-raw-code arrow-link \">\n    <div class=\"d-flex align-center justify-content-start\">\n        <a href=\"https:\/\/marmorsezana.com\/it\/materiali#kopriva\">\n            <span class=\"fw-medium\">Vedi i materiali<\/span>\n            <i class=\"fa-solid fa-arrow-right ml-2 text-body\"><\/i>\n        <\/a>\n    <\/div>\n<\/div>\n\n\n<div class=\"clear\"><\/div>\n<\/div><\/div><\/div><div class=\"kc-elm kc-css-576810 col-12 col-sm-8 column mt-4 mt-md-0\"><div class=\"kc-col-container\"><div class=\"div-wrapper kc-elm kc-css-276199 \"><div class=\"kc-image-gallery kc-elm kc-css-228573\">\n<div class=\"kc_image_gallery kc-carousel-image kc-grid  gallery-columns-2\">\n<div class=\"item-grid grid-2\"><img decoding=\"async\" src=\"https:\/\/marmorsezana.com\/wp-content\/uploads\/2022\/07\/IMG_7090.jpg\" alt=\"\"\/><\/div><div class=\"item-grid grid-2\"><img decoding=\"async\" src=\"https:\/\/marmorsezana.com\/wp-content\/uploads\/2022\/07\/IMG_7070.jpg\" alt=\"\"\/><\/div><div class=\"item-grid grid-2\"><img decoding=\"async\" src=\"https:\/\/marmorsezana.com\/wp-content\/uploads\/2022\/07\/IMG_7063.jpg\" alt=\"\"\/><\/div><div class=\"item-grid grid-2\"><img decoding=\"async\" src=\"https:\/\/marmorsezana.com\/wp-content\/uploads\/2022\/07\/IMG_7058.jpg\" alt=\"\"\/><\/div><\/div>\n<\/div><\/div><\/div><\/div><\/div><\/div><\/section><section class=\"kc-elm kc-css-291606 kc_row\"><div class=\" container-fluid\"><div class=\"row\"><div class=\"kc-elm kc-css-344018 col-12 col-sm-12 column\"><div class=\"kc-col-container\"><div class=\"div-wrapper kc-elm kc-css-831689 mw-100\">\n<div class=\"kc-elm kc-css-198736 kc-title-wrap \">\n\n\t<h2 class=\"kc_title text-white\">Venite a trovarci. <br>\r\nScriveteci.<\/h2>\n<\/div>\n<div class=\"kc-elm kc-css-799318 kc_text_block\"><\/p>\n<p>Abili venditori e architetti faranno in modo che i vostri desideri e sogni diventino realt\u00e0. Se avete bisogno di una consulenza o di un&#039;offerta, vi invitiamo a venire alla sede dell&#039;azienda o a compilare il modulo online.<\/p>\n<p>\n<\/div><div class=\"clear\"><\/div>\n<div class=\"mod-id-628928 kc-elm kc-css-628928 kc-raw-code arrow-link text-white\">\n    <div class=\"d-flex align-center justify-content-start\">\n        <a href=\"https:\/\/marmorsezana.com\/it\/richiesta\/\">\n            <span class=\"fw-medium\">Invia una richiesta<\/span>\n            <i class=\"fa-solid fa-arrow-right ml-2 text-body\"><\/i>\n        <\/a>\n    <\/div>\n<\/div>\n\n\n<div class=\"clear\"><\/div>\n<\/div><\/div><\/div><\/div><\/div><\/section><\/p>\n","protected":false},"excerpt":{"rendered":"","protected":false},"author":2041,"featured_media":8165,"parent":0,"menu_order":0,"comment_status":"closed","ping_status":"closed","template":"page-templates\/fullwidthpage.php","meta":{"_acf_changed":false,"inline_featured_image":false,"footnotes":""},"class_list":["post-10667","page","type-page","status-publish","has-post-thumbnail","hentry"],"acf":[],"_links":{"self":[{"href":"https:\/\/marmorsezana.com\/it\/wp-json\/wp\/v2\/pages\/10667","targetHints":{"allow":["GET"]}}],"collection":[{"href":"https:\/\/marmorsezana.com\/it\/wp-json\/wp\/v2\/pages"}],"about":[{"href":"https:\/\/marmorsezana.com\/it\/wp-json\/wp\/v2\/types\/page"}],"author":[{"embeddable":true,"href":"https:\/\/marmorsezana.com\/it\/wp-json\/wp\/v2\/users\/2041"}],"replies":[{"embeddable":true,"href":"https:\/\/marmorsezana.com\/it\/wp-json\/wp\/v2\/comments?post=10667"}],"version-history":[{"count":0,"href":"https:\/\/marmorsezana.com\/it\/wp-json\/wp\/v2\/pages\/10667\/revisions"}],"wp:featuredmedia":[{"embeddable":true,"href":"https:\/\/marmorsezana.com\/it\/wp-json\/wp\/v2\/media\/8165"}],"wp:attachment":[{"href":"https:\/\/marmorsezana.com\/it\/wp-json\/wp\/v2\/media?parent=10667"}],"curies":[{"name":"wp","href":"https:\/\/api.w.org\/{rel}","templated":true}]}}