{"id":10670,"date":"2022-04-01T10:39:20","date_gmt":"2022-04-01T08:39:20","guid":{"rendered":"http:\/\/marmor2.razvija.se\/marmor-sezana\/"},"modified":"2026-01-28T10:09:40","modified_gmt":"2026-01-28T09:09:40","slug":"marmor-sezana","status":"publish","type":"page","link":"https:\/\/marmorsezana.com\/it\/","title":{"rendered":"Marmor Se\u017eana"},"content":{"rendered":"<p><section data-kc-equalheight=\"true\" data-kc-equalheight-align=\"middle\" class=\"kc-elm kc-css-386581 kc_row\"><div class=\" container-fluid\"><div class=\"row\"><div class=\"kc-elm kc-css-152202 col-12 col-sm-8 column\"><div class=\"kc-col-container\"><div class=\"div-wrapper kc-elm kc-css-9673 \"><div class=\"kc-image-gallery kc-elm kc-css-317650\">\n<div class=\"kc_image_gallery kc-carousel-image kc-grid  gallery-columns-2\">\n<div class=\"item-grid grid-2\"><img decoding=\"async\" src=\"https:\/\/marmorsezana.com\/wp-content\/uploads\/2025\/11\/IMG-20250624-WA0005.jpg\" alt=\"\"\/><\/div><div class=\"item-grid grid-2\"><img decoding=\"async\" src=\"https:\/\/marmorsezana.com\/wp-content\/uploads\/2023\/11\/MG_1605.jpg\" alt=\"\"\/><\/div><div class=\"item-grid grid-2\"><img decoding=\"async\" src=\"https:\/\/marmorsezana.com\/wp-content\/uploads\/2022\/07\/QUELLENHOF-SEE-LODGE-VAL-PASSIRIA-2.jpg\" alt=\"\"\/><\/div><div class=\"item-grid grid-2\"><img decoding=\"async\" src=\"https:\/\/marmorsezana.com\/wp-content\/uploads\/2022\/07\/FOUR-POINTS-BY-SHERATON-LJUBLJANA.jpg\" alt=\"\"\/><\/div><\/div>\n<\/div><\/div><\/div><\/div><div class=\"kc-elm kc-css-915586 col-12 col-sm-4 column mt-4 mt-md-0\"><div class=\"kc-col-container\"><div class=\"div-wrapper kc-elm kc-css-874045 \">\n<div class=\"kc-elm kc-css-270684 kc-title-wrap \">\n\n\t<h2 class=\"kc_title right-sep\">Referenze<\/h2>\n<\/div>\n<div class=\"kc-elm kc-css-312446 kc_text_block\"><\/p>\n<p>La conoscenza professionale e anni di esperienza ci consentono di realizzare progetti unici adattati ai desideri dei clienti. Garantiamo qualit\u00e0 di esecuzione e un&#039;adeguata garanzia per tutto il lavoro svolto.<\/p>\n<p>\n<\/div><\/div><div class=\"div-wrapper kc-elm kc-css-105153 btn-wrapper\">\n<div class=\"kc-elm kc-css-414448\">\n\t<a class=\"kc_button btn btn-primary\" href=\"https:\/\/marmorsezana.com\/it\/riferimenti\/\" target=\"_self\" title=\"Riferimenti\" onclick=\"\">\n\t\tVedi tutte le referenze\t<\/a>\n<\/div>\n<div class=\"clear\"><\/div>\n<div class=\"mod-id-417909 kc-elm kc-css-417909 kc-raw-code arrow-link \">\n    <div class=\"d-flex align-center justify-content-start\">\n        <a href=\"https:\/\/marmorsezana.com\/it\/richiesta\/\">\n            <span class=\"fw-medium\">Invia una richiesta<\/span>\n            <i class=\"fa-solid fa-arrow-right ml-2 text-body\"><\/i>\n        <\/a>\n    <\/div>\n<\/div>\n\n\n<div class=\"clear\"><\/div>\n<\/div><\/div><\/div><\/div><\/div><\/section><section class=\"kc-elm kc-css-983193 kc_row\"><div class=\" container-fluid\"><div class=\"row\"><div class=\"kc-elm kc-css-559736 col-12 col-sm-12 column\"><div class=\"kc-col-container\">\n<div class=\"kc-elm kc-css-534177 kc-title-wrap \">\n\n\t<h2 class=\"kc_title right-sep\">Le nostre cave<\/h2>\n<\/div>\n<div class=\"div-wrapper kc-elm kc-css-884856 mw-100\"><div class=\"kc-elm kc-css-610939 kc_text_block\"><\/p>\n<p>Abbiamo quattro cave operative che forniscono la pietra naturale indipendentemente dai mercati globali. La vicinanza di cave e unit\u00e0 produttive consente un accesso rapido e locale alle materie prime.<\/p>\n<p>\n<\/div><\/div><div class=\"kc-elm kc-css-663330 row\"><div class=\"kc-elm kc-css-558119 col-12 col-sm-6 column_inner col-12 col-md-4\"><div class=\"kc_wrapper kc-col-inner-container\"><div class=\"clear\"><\/div>\n<a href=\"https:\/\/marmorsezana.com\/it\/kamnolomi#lipica-1\" class=\"mod-id-423136 kc-elm kc-css-423136 kc-raw-code kamnolom-item\" style=\"background-image: url(https:\/\/marmorsezana.com\/wp-content\/uploads\/2022\/07\/lipica_1.jpg)\">\n    <span class=\"heading\">Cava Lipica I<\/span>\n    <div class=\"kamnolom-cta\">\n        <span class=\"fw-medium\">Leggi di pi\u00f9<\/span>\n        <i class=\"fa-solid fa-arrow-right ml-2 text-body\"><\/i>\n    <\/div>\n<\/a>\n\n\n<div class=\"clear\"><\/div>\n<\/div><\/div><div class=\"kc-elm kc-css-254177 col-12 col-sm-6 column_inner col-12 col-md-8 mt-4 mt-md-0\"><div class=\"kc_wrapper kc-col-inner-container\"><div class=\"clear\"><\/div>\n<a href=\"https:\/\/marmorsezana.com\/it\/kamnolomi#lipica-2\" class=\"mod-id-188248 kc-elm kc-css-188248 kc-raw-code kamnolom-item\" style=\"background-image: url(https:\/\/marmorsezana.com\/wp-content\/uploads\/2022\/07\/lipica_2.jpg)\">\n    <span class=\"heading\">Cava Lipica II<\/span>\n    <div class=\"kamnolom-cta\">\n        <span class=\"fw-medium\">Leggi di pi\u00f9<\/span>\n        <i class=\"fa-solid fa-arrow-right ml-2 text-body\"><\/i>\n    <\/div>\n<\/a>\n\n\n<div class=\"clear\"><\/div>\n<\/div><\/div><\/div><div class=\"kc-elm kc-css-527923 row\"><div class=\"kc-elm kc-css-365384 col-12 col-sm-6 column_inner col-12 col-md-8\"><div class=\"kc_wrapper kc-col-inner-container\"><div class=\"clear\"><\/div>\n<a href=\"https:\/\/marmorsezana.com\/it\/kamnolomi#doline\" class=\"mod-id-623299 kc-elm kc-css-623299 kc-raw-code kamnolom-item\" style=\"background-image: url(https:\/\/marmorsezana.com\/wp-content\/uploads\/2022\/07\/doline.jpg)\">\n    <span class=\"heading\">Cava Doline<\/span>\n    <div class=\"kamnolom-cta\">\n        <span class=\"fw-medium\">Leggi di pi\u00f9<\/span>\n        <i class=\"fa-solid fa-arrow-right ml-2 text-body\"><\/i>\n    <\/div>\n<\/a>\n\n\n<div class=\"clear\"><\/div>\n<\/div><\/div><div class=\"kc-elm kc-css-191302 col-12 col-sm-6 column_inner col-12 col-md-4 mt-4 mt-md-0\"><div class=\"kc_wrapper kc-col-inner-container\"><div class=\"clear\"><\/div>\n<a href=\"https:\/\/marmorsezana.com\/it\/kamnolomi#kopriva\" class=\"mod-id-803898 kc-elm kc-css-803898 kc-raw-code kamnolom-item\" style=\"background-image: url(https:\/\/marmorsezana.com\/wp-content\/uploads\/2022\/07\/kopriva.jpg)\">\n    <span class=\"heading\">Cava Kopriva<\/span>\n    <div class=\"kamnolom-cta\">\n        <span class=\"fw-medium\">Leggi di pi\u00f9<\/span>\n        <i class=\"fa-solid fa-arrow-right ml-2 text-body\"><\/i>\n    <\/div>\n<\/a>\n\n\n<div class=\"clear\"><\/div>\n<\/div><\/div><\/div><\/div><\/div><\/div><\/div><\/section><section class=\"kc-elm kc-css-792933 kc_row\"><div class=\" container-fluid\"><div class=\"row\"><div class=\"kc-elm kc-css-34942 col-12 col-sm-12 column\"><div class=\"kc-col-container\">\n<div class=\"kc-elm kc-css-442674 kc-title-wrap \">\n\n\t<h2 class=\"kc_title right-sep\">Materiali<\/h2>\n<\/div>\n<div class=\"div-wrapper kc-elm kc-css-123303 mw-100\"><div class=\"kc-elm kc-css-97914 kc_text_block\"><\/p>\n<p>Il Carso \u00e8 sempre stato colorato con le caratteristiche sfumature di grigio, che gli vengono date dalla pietra naturale locale. Da noi puoi scegliere tra quattro varianti locali, tipiche dell&#039;architettura carsica.<\/p>\n<p>\n<\/div><\/div><div class=\"div-wrapper kc-elm kc-css-735052 \"><div class=\"clear\"><\/div>\n<div class=\"mod-id-591831 kc-elm kc-css-591831 kc-raw-code  emigma-icon-box-outer\">\n    <div class=\"layout-grid-4\">\n                    <div class=\"item d-flex flex-row text-left\">\n                                    <div class=\"item-icon pr-2\">\n                        <img decoding=\"async\" src=\"https:\/\/marmorsezana.com\/wp-content\/uploads\/2022\/07\/1_Repen-polirano-vzorec-2-150x150.jpg\" alt=\"image\/jpeg\">                    <\/div>\n                                <div class=\"item-content\">\n                                            <p class=\"heading\">Repen<\/p>                                        <p class=\"mb-0 content\">Con la sua ricca struttura, ricca di fossili splendidamente conservati, adorna spazi interni o esterni. Con una base grigio chiaro che si adatta praticamente a qualsiasi colore, pu\u00f2 essere incorporato in qualsiasi interno.<\/p>                    <div class=\"d-flex align-center justify-content-start mt-3\">\n                        <a href=\" https:\/\/marmorsezana.com\/it\/materiale\/repen\/\">\n                            <span class=\"fw-medium\">Leggi di pi\u00f9<\/span>\n                            <i class=\"fa-solid fa-arrow-right ml-2 text-body\"><\/i>\n                        <\/a>\n                    <\/div>\n                <\/div>\n            <\/div>\n                    <div class=\"item d-flex flex-row text-left\">\n                                    <div class=\"item-icon pr-2\">\n                        <img decoding=\"async\" src=\"https:\/\/marmorsezana.com\/wp-content\/uploads\/2022\/07\/Lipica-Unito-polirano-vzorec-3-150x150.jpg\" alt=\"image\/jpeg\">                    <\/div>\n                                <div class=\"item-content\">\n                                            <p class=\"heading\">Lipica Unito<\/p>                                        <p class=\"mb-0 content\">Lipica Unito si mostra con tutta la sua bellezza, nei toni del grigio chiaro, a volte pi\u00f9 scuri, a volte pi\u00f9 chiari, a volte pi\u00f9, a volte meno uniformi\u2026 ma sempre belli, naturali e autentici!<\/p>                    <div class=\"d-flex align-center justify-content-start mt-3\">\n                        <a href=\"https:\/\/marmorsezana.com\/it\/materiale\/lipica-unito\/\">\n                            <span class=\"fw-medium\">Leggi di pi\u00f9<\/span>\n                            <i class=\"fa-solid fa-arrow-right ml-2 text-body\"><\/i>\n                        <\/a>\n                    <\/div>\n                <\/div>\n            <\/div>\n                    <div class=\"item d-flex flex-row text-left\">\n                                    <div class=\"item-icon pr-2\">\n                        <img decoding=\"async\" src=\"https:\/\/marmorsezana.com\/wp-content\/uploads\/2022\/07\/Lipica-Fiorito-polirano-vzorec-2-150x150.jpg\" alt=\"image\/jpeg\">                    <\/div>\n                                <div class=\"item-content\">\n                                            <p class=\"heading\">Lipica Fiorito<\/p>                                        <p class=\"mb-0 content\">La bellezza del caratteristico aspetto floreale \u00e8 data alla pietra da sezioni di fossili, qui particolarmente ben conservate. Le diverse tonalit\u00e0 di grigio della pietra consentono diversi abbinamenti, sia all'interno della stessa pietra Lipica Fiorito, sia con altri tipi di pietre naturali e altri materiali.<\/p>                    <div class=\"d-flex align-center justify-content-start mt-3\">\n                        <a href=\" https:\/\/marmorsezana.com\/it\/materiale\/lipica-fiorito\/\">\n                            <span class=\"fw-medium\">Leggi di pi\u00f9<\/span>\n                            <i class=\"fa-solid fa-arrow-right ml-2 text-body\"><\/i>\n                        <\/a>\n                    <\/div>\n                <\/div>\n            <\/div>\n                    <div class=\"item d-flex flex-row text-left\">\n                                    <div class=\"item-icon pr-2\">\n                        <img decoding=\"async\" src=\"https:\/\/marmorsezana.com\/wp-content\/uploads\/2022\/07\/Kopriva-polirano-vzorec-2-150x150.jpg\" alt=\"image\/jpeg\">                    <\/div>\n                                <div class=\"item-content\">\n                                            <p class=\"heading\">Kopriva<\/p>                                        <p class=\"mb-0 content\">Si tratta essenzialmente di una variante del Repen, un calcare di alta densit\u00e0 e ottima durabilit\u00e0, con una struttura abbastanza uniforme.<\/p>                    <div class=\"d-flex align-center justify-content-start mt-3\">\n                        <a href=\"https:\/\/marmorsezana.com\/it\/materiale\/kopriva\/\">\n                            <span class=\"fw-medium\">Leggi di pi\u00f9<\/span>\n                            <i class=\"fa-solid fa-arrow-right ml-2 text-body\"><\/i>\n                        <\/a>\n                    <\/div>\n                <\/div>\n            <\/div>\n            <\/div>\n<\/div>\n\n\n\n<div class=\"clear\"><\/div>\n<\/div><\/div><\/div><\/div><\/div><\/section><section data-kc-equalheight=\"true\" data-kc-equalheight-align=\"middle\" class=\"kc-elm kc-css-413166 kc_row\"><div class=\" container-fluid\"><div class=\"row\"><div class=\"kc-elm kc-css-82862 col-12 col-sm-4 column\"><div class=\"kc-col-container\"><div class=\"div-wrapper kc-elm kc-css-370331 \">\n<div class=\"kc-elm kc-css-311541 kc-title-wrap \">\n\n\t<h2 class=\"kc_title\">I nostri prodotti.  <br>\r\nAnche su ordine secondo i vostri desideri.<\/h2>\n<\/div>\n<div class=\"kc-elm kc-css-390875 kc_text_block\"><\/p>\n<p>La convivenza dell&#039;uomo carsico con il paesaggio lapideo ha portato a diversi prodotti lapidei tradizionali che vi sono a disposizione da noi. Naturalmente potete anche creare prodotti unici e decorare la vostra casa con essi.<\/p>\n<p>\n<\/div><div class=\"clear\"><\/div>\n<div class=\"mod-id-902755 kc-elm kc-css-902755 kc-raw-code arrow-link \">\n    <div class=\"d-flex align-center justify-content-start\">\n        <a href=\" https:\/\/marmorsezana.com\/it\/prodotti\/\">\n            <span class=\"fw-medium\">Guarda tutti i prodotti<\/span>\n            <i class=\"fa-solid fa-arrow-right ml-2 text-body\"><\/i>\n        <\/a>\n    <\/div>\n<\/div>\n\n\n<div class=\"clear\"><\/div>\n<\/div><\/div><\/div><div class=\"kc-elm kc-css-39960 col-12 col-sm-8 column\"><div class=\"mt-4 mt-md-0 kc-col-container\"><div class=\"div-wrapper kc-elm kc-css-295477 \"><div class=\"kc-image-gallery kc-elm kc-css-14998\">\n<div class=\"kc_image_gallery kc-carousel-image kc-grid  gallery-columns-2\">\n<div class=\"item-grid grid-2\"><img decoding=\"async\" src=\"https:\/\/marmorsezana.com\/wp-content\/uploads\/2022\/07\/UMIVALNIK-2.jpg\" alt=\"\"\/><\/div><div class=\"item-grid grid-2\"><img decoding=\"async\" src=\"https:\/\/marmorsezana.com\/wp-content\/uploads\/2022\/07\/lomljenec-5-rotated.jpg\" alt=\"\"\/><\/div><div class=\"item-grid grid-2\"><img decoding=\"async\" src=\"https:\/\/marmorsezana.com\/wp-content\/uploads\/2022\/07\/stopnice-3.jpg\" alt=\"\"\/><\/div><div class=\"item-grid grid-2\"><img decoding=\"async\" src=\"https:\/\/marmorsezana.com\/wp-content\/uploads\/2022\/07\/bunja-1.jpg\" alt=\"\"\/><\/div><\/div>\n<\/div><\/div><\/div><\/div><\/div><\/div><\/section><section class=\"kc-elm kc-css-853191 kc_row\"><div class=\" container-fluid\"><div class=\"row\"><div class=\"kc-elm kc-css-371160 col-12 col-sm-12 column\"><div class=\"kc-col-container\"><div class=\"div-wrapper kc-elm kc-css-380956 mw-100\">\n<div class=\"kc-elm kc-css-136547 kc-title-wrap \">\n\n\t<h2 class=\"kc_title text-white\">Venite a trovarci. <br>\r\nScriveteci.<\/h2>\n<\/div>\n<div class=\"kc-elm kc-css-664816 kc_text_block\"><\/p>\n<p>Abili venditori e architetti faranno in modo che i vostri desideri e sogni diventino realt\u00e0. Se avete bisogno di una consulenza o di un&#039;offerta, vi invitiamo a venire alla sede dell&#039;azienda o a compilare il modulo online.<\/p>\n<p>\n<\/div><div class=\"clear\"><\/div>\n<div class=\"mod-id-593437 kc-elm kc-css-593437 kc-raw-code arrow-link text-white\">\n    <div class=\"d-flex align-center justify-content-start\">\n        <a href=\"https:\/\/marmorsezana.com\/it\/richiesta\/\">\n            <span class=\"fw-medium\">Invia una richiesta<\/span>\n            <i class=\"fa-solid fa-arrow-right ml-2 text-body\"><\/i>\n        <\/a>\n    <\/div>\n<\/div>\n\n\n<div class=\"clear\"><\/div>\n<\/div><\/div><\/div><\/div><\/div><\/section><\/p>\n","protected":false},"excerpt":{"rendered":"","protected":false},"author":2041,"featured_media":10840,"parent":0,"menu_order":0,"comment_status":"closed","ping_status":"closed","template":"page-templates\/fullwidthpage.php","meta":{"_acf_changed":false,"inline_featured_image":false,"footnotes":""},"class_list":["post-10670","page","type-page","status-publish","has-post-thumbnail","hentry"],"acf":[],"_links":{"self":[{"href":"https:\/\/marmorsezana.com\/it\/wp-json\/wp\/v2\/pages\/10670","targetHints":{"allow":["GET"]}}],"collection":[{"href":"https:\/\/marmorsezana.com\/it\/wp-json\/wp\/v2\/pages"}],"about":[{"href":"https:\/\/marmorsezana.com\/it\/wp-json\/wp\/v2\/types\/page"}],"author":[{"embeddable":true,"href":"https:\/\/marmorsezana.com\/it\/wp-json\/wp\/v2\/users\/2041"}],"replies":[{"embeddable":true,"href":"https:\/\/marmorsezana.com\/it\/wp-json\/wp\/v2\/comments?post=10670"}],"version-history":[{"count":0,"href":"https:\/\/marmorsezana.com\/it\/wp-json\/wp\/v2\/pages\/10670\/revisions"}],"wp:featuredmedia":[{"embeddable":true,"href":"https:\/\/marmorsezana.com\/it\/wp-json\/wp\/v2\/media\/10840"}],"wp:attachment":[{"href":"https:\/\/marmorsezana.com\/it\/wp-json\/wp\/v2\/media?parent=10670"}],"curies":[{"name":"wp","href":"https:\/\/api.w.org\/{rel}","templated":true}]}}