{"id":10638,"date":"2022-07-24T17:58:10","date_gmt":"2022-07-24T15:58:10","guid":{"rendered":"http:\/\/marmor2.razvija.se\/vzdrzevanje-kamna\/"},"modified":"2022-09-27T14:35:08","modified_gmt":"2022-09-27T12:35:08","slug":"%e7%9f%b3%e6%9d%90%e4%bf%9d%e5%85%bb%e8%af%b4%e6%98%8e","status":"publish","type":"page","link":"https:\/\/marmorsezana.com\/zh-hans\/%e6%9d%90%e6%96%99\/%e7%9f%b3%e6%9d%90%e4%bf%9d%e5%85%bb%e8%af%b4%e6%98%8e\/","title":{"rendered":"\u77f3\u6750\u4fdd\u517b\u8bf4\u660e"},"content":{"rendered":"<p><section class=\"kc-elm kc-css-184679 kc_row\"><div class=\" container-fluid\"><div class=\"row\"><div class=\"kc-elm kc-css-903924 col-12 col-sm-5 column\"><div class=\"kc-col-container\"><div class=\"kc-elm kc-css-659861 kc_text_block\"><\/p>\n<p>Za \u010di\u0161\u010denje in za\u0161\u010dito kamnitih povr\u0161in uporabljamo le tista sredstva, ki so namenjena za aplikacijo na kamnitih povr\u0161inah in imajo na embala\u017ei navodila za uporabo.\u00a0<\/p>\n<p>Zaradi ohranitve lastnosti in podalj\u0161anja trajnosti kamna, priporo\u010damo strogo upo\u0161tevanje navodil proizvajalca oziroma anga\u017eiranje strokovno usposobljenega izvajalca.\u00a0<\/p>\n<p><b>Apnenci so kislinsko ob\u010dutljivi zato posegi s kislinami in mo\u010dnimi lu\u017einami na njih niso dovoljeni, na granitnih povr\u0161inah pa jih odsvetujemo. Prav tako je potrebno iz apnenih povr\u0161in, tudi \u017ee za\u0161\u010ditenih, takoj odstraniti vino in sadne sokove. Povr\u0161in apnencev in marmorjev, zlasti poliranih in fino bru\u0161enih, ne smemo mehansko \u010distiti z orodji, ki povzro\u010dajo razenje.<\/b><\/p>\n<p>\n<\/div><\/div><\/div><div class=\"kc-elm kc-css-880887 col-12 col-sm-7 column\"><div class=\"kc-col-container\"><div data-kc-equalheight=\"true\" data-kc-row-action=\"true\" data-kc-equalheight-align=\"bottom\" class=\"kc-elm kc-css-676625 row\"><div class=\"kc-elm kc-css-898202 col-12 col-sm-4 column_inner d-flex align-items-end\"><div class=\"w-100 kc_wrapper kc-col-inner-container\"><div class=\"div-wrapper kc-elm kc-css-106731 mb-4 mt-auto\"><\/div><\/div><\/div><div class=\"kc-elm kc-css-361119 col-12 col-sm-8 column_inner\"><div class=\"kc_wrapper kc-col-inner-container\"><div class=\"div-wrapper kc-elm kc-css-912473 \"><\/div><div class=\"div-wrapper kc-elm kc-css-344499 mt-4\"><\/div><\/div><\/div><\/div><\/div><\/div><\/div><\/div><\/section><section class=\"kc-elm kc-css-267899 kc_row\"><div class=\" container-fluid\"><div class=\"row\"><div class=\"kc-elm kc-css-171715 col-12 col-sm-5 column\"><div class=\"kc-col-container\"><div class=\"kc-elm kc-css-571038 kc_text_block\"><\/p>\n<p>\u8981\u6e05\u6d01\u548c\u4fdd\u62a4\u77f3\u6750\u8868\u9762\uff0c\u53ea\u80fd\u4f7f\u7528\u4e13\u7528\u4e8e\u77f3\u6750\u8868\u9762\u7684\u4ea7\u54c1\uff0c\u5305\u88c5\u4e0a\u6709\u4f7f\u7528\u8bf4\u660e\u3002<\/p>\n<p>\u4e3a\u4e86\u4fdd\u6301\u77f3\u6750\u7684\u6027\u80fd\u548c\u5ef6\u957f\u77f3\u6750\u7684\u8010\u7528\u6027\uff0c\u6211\u4eec\u5efa\u8bae\u4e25\u683c\u6309\u7167\u5236\u9020\u5546\u7684\u6307\u793a\u6216\u8058\u8bf7\u4e13\u4e1a\u8d44\u683c\u7684\u627f\u5305\u5546<\/p>\n<p><strong>\u77f3\u7070\u77f3\u5bf9\u9178\u654f\u611f\uff0c\u56e0\u6b64\u4e0d\u5141\u8bb8\u5bf9\u77f3\u7070\u77f3\u8fdb\u884c\u9178\u548c\u5f3a\u78b1\u5904\u7406\uff0c\u4e5f\u4e0d\u9f13\u52b1\u5728\u82b1\u5c97\u5ca9\u8868\u9762\u8fdb\u884c\u5904\u7406\u3002\u8461\u8404\u9152\u548c\u679c\u6c41\u4e5f\u5e94\u7acb\u5373\u4ece\u77f3\u7070\u77f3\u8868\u9762\u6e05\u7406\u5e72\u51c0\uff0c\u5373\u4f7f\u662f\u90a3\u4e9b\u5df2\u7ecf\u53d7\u5230\u4fdd\u62a4\u7684\u8868\u9762\u3002\u77f3\u7070\u77f3\u548c\u5927\u7406\u77f3\u8868\u9762\uff0c\u7279\u522b\u662f\u629b\u5149\u548c\u7cbe\u7ec6\u7814\u78e8\u7684\u8868\u9762\uff0c\u4e0d\u5e94\u4f7f\u7528\u7814\u78e8\u5de5\u5177\u8fdb\u884c\u673a\u68b0\u6e05\u6d01\u3002<\/strong><\/p>\n<p>\n<\/div><\/div><\/div><div class=\"kc-elm kc-css-123926 col-12 col-sm-7 column\"><div class=\"kc-col-container\"><div data-kc-equalheight=\"true\" data-kc-row-action=\"true\" data-kc-equalheight-align=\"bottom\" class=\"kc-elm kc-css-123627 row\"><div class=\"kc-elm kc-css-717619 col-12 col-sm-4 column_inner d-flex align-items-end\"><div class=\"w-100 kc_wrapper kc-col-inner-container\"><div class=\"div-wrapper kc-elm kc-css-173676 mb-4 mt-auto\"><\/div><\/div><\/div><div class=\"kc-elm kc-css-226278 col-12 col-sm-8 column_inner\"><div class=\"kc_wrapper kc-col-inner-container\"><div class=\"div-wrapper kc-elm kc-css-175847 \"><\/div><div class=\"div-wrapper kc-elm kc-css-872007 mt-4\"><\/div><\/div><\/div><\/div><\/div><\/div><\/div><\/div><\/section><section class=\"kc-elm kc-css-262573 kc_row\"><div class=\" container-fluid\"><div class=\"row\"><div class=\"kc-elm kc-css-157939 col-12 col-sm-6 column\"><div class=\"kc-col-container\">\n<div class=\"kc-elm kc-css-236012 kc-title-wrap \">\n\n\t<h2 class=\"kc_title\">\u673a\u68b0\u635f\u574f\u8b66\u544a<\/h2>\n<\/div>\n<div class=\"kc-elm kc-css-49616 kc_text_block special-little-bulletted-list\"><\/p>\n<p>\u6240\u6709\u7684\u77f3\u5934\u8868\u9762(\u5982\u5730\u677f\u548c\u5899\u58c1\u8986\u5c42\uff0c\u56fa\u4f53\u697c\u68af\u7b49)\u90fd\u4e0d\u80fd\u6b63\u5e38\u4f7f\u7528\uff0c\u5982\u6b65\u884c\uff0c\u4f7f\u7528\u5a74\u513f\u8f66\u548c\u8f6e\u6905\uff0c\u5076\u5c14\u7531\u6c7d\u8f66\u8fd0\u9001\u3002<\/p>\n<p>\u4e0d\u5141\u8bb8\u5728\u77f3\u6750\u8868\u9762\u4e0a\u8fdb\u884c\u53ef\u80fd\u635f\u574f\u77f3\u6750\u5730\u677f\u548c\u4ea7\u54c1\u8868\u9762\u7684\u6d3b\u52a8\uff0c\u4f8b\u5982\uff1a<\/p>\n<ul>\n<li>\n<p>\u62c9\u7740\u5e26\u91d1\u5c5e\u8f6e\u5b50\u7684\u624b\u63a8\u8f66\u5728\u77f3\u6750\u4e0a<\/p>\n<\/li>\n<li>\n<p>\u673a\u68b0\u6e05\u6d01\u7f51\u4e0e\u9178\u6027\u6216\u5176\u4ed6\u8150\u8680\u6027\u5316\u5b66\u7269\u8d28\u7ed3\u5408\u4f7f\u7528<\/p>\n<\/li>\n<li>\n<p>\u5728\u884c\u4eba\u4e13\u7528\u533a\u4f7f\u7528\u53ca\u9a7e\u9a76\u91cd\u578b\u8d27\u8f66\uff0c<\/p>\n<\/li>\n<li>\n<p>\u4f7f\u7528\u4f1a\u9020\u6210\u522e\u64e6\u7684\u8f66\u8f86\uff08\u5e26\u91d1\u5c5e\u8f6e\u7684\u8fd0\u8f93\u624b\u63a8\u8f66\u3001\u6ed1\u677f\u3001\u8e0f\u677f\u8f66\u7b49\uff09\u5728\u77f3\u6750\u8868\u9762\u4e0a\u8f93\u9001<\/p>\n<\/li>\n<li>\u7528\u91d1\u5c5e\u6216\u5176\u4ed6\u786c\u7269\u64e6\u6d17\u8868\u9762<\/li>\n<li>\n<p>\u9a7e\u9a76\u8f66\u8f86\u5728\u77f3\u5934\u8868\u9762\u7559\u4e0b\u6a61\u80f6\u3001\u5851\u6599\u3001\u7845\u6811\u8102\u7b49\u7684\u75d5\u8ff9\uff0c\u4f7f\u7528\u7ed3\u6676\u5316\u9664\u51b0\u76d0<\/p>\n<\/li>\n<li>\u4f7f\u7528\u5316\u5b66\u7269\u8d28\u548c\u6e05\u6d01\u5242\uff0c\u901a\u8fc7\u6eb6\u89e3\u5bf9\u6700\u7ec8\u77f3\u6750\u8868\u9762\u9020\u6210\u635f\u574f<\/li>\n<\/ul>\n<p>\n<\/div><\/div><\/div><div class=\"kc-elm kc-css-793113 col-12 col-sm-6 column\"><div class=\"kc-col-container\"><\/div><\/div><\/div><\/div><\/section><section data-kc-equalheight=\"true\" data-kc-equalheight-align=\"middle\" class=\"kc-elm kc-css-650240 kc_row\"><div class=\" container-fluid\"><div class=\"row\"><div class=\"kc-elm kc-css-237367 col-12 col-sm-6 column pl-md-0\"><div class=\"kc-col-container\"><div class=\"kc-elm kc-css-675477 kc_shortcode kc_single_image\">\n\n        <img decoding=\"async\" src=\"https:\/\/marmorsezana.com\/wp-content\/uploads\/2022\/08\/20220818_130929-.jpg-e1661243820119.png\" class=\"\" alt=\"\" \/>    <\/div>\n<\/div><\/div><div class=\"kc-elm kc-css-185056 col-12 col-sm-6 column mt-4 mt-md-0\"><div class=\"kc-col-container\"><div class=\"div-wrapper kc-elm kc-css-473531 \">\n<div class=\"kc-elm kc-css-371494 kc-title-wrap \">\n\n\t<span class=\"kc_title happy-little-quote mb-4\">\u5efa\u8bae\u5bf9\u6240\u6709\u8150\u8680\u6027\u7269\u8d28\u53ef\u80fd\u4ea7\u751f\u8d1f\u9762\u5f71\u54cd\u5e76\u5bfc\u81f4\u67d3\u8272\u7684\u77f3\u6750\u8868\u9762\u63d0\u4f9b\u8db3\u591f\u7684\u4fdd\u62a4\u3002<\/span>\n<\/div>\n<div class=\"kc-elm kc-css-437544 kc_text_block\"><\/p>\n<p>\u5728\u5b9e\u65bd\u4fdd\u62a4\u4e4b\u524d\uff0c\u5e94\u4f7f\u7528\u5408\u9002\u7684\u7ecf\u8fc7\u8ba4\u8bc1\u7684\u4e2d\u6027\u77f3\u6750\u6e05\u6d01\u5242\u5f7b\u5e95\u6e05\u6d01\u8868\u9762\u3002\u6e05\u6d01\u6c34\u6ce5\u3001\u6cb9\u3001\u6cb9\u8102\u4ee5\u53ca\u6cb9\u6f06\u548c\u77f3\u818f\u6b8b\u7559\u7269\u7684\u8584\u96fe\u3002\u7136\u540e\u5e94\u5728\u5e72\u71e5\u7684\u8868\u9762\u4e0a\u6d82\u62b9\u5408\u9002\u7684\u957f\u6548\u3001\u4e0d\u6e17\u900f\u8868\u9762\u7684\u4fdd\u62a4\u5242\uff0c\u4ee5\u4fdd\u62a4\u8868\u9762\u514d\u53d7\u6c61\u57a2\u548c\u8150\u8680\u6027\u7269\u8d28\u7684\u4fb5\u5bb3\uff0c\u5e76\u4fc3\u8fdb\u8fdb\u4e00\u6b65\u7684\u8868\u9762\u62a4\u7406\u3002<\/p>\n<p>\u6211\u4eec\u8fd8\u5efa\u8bae\u91c7\u53d6\u9632\u6d82\u9e26\u4fdd\u62a4\u63aa\u65bd\uff0c\u4ee5\u4fdd\u62a4\u5899\u58c1\u548c\u7acb\u9762\u4e0a\u7684\u77f3\u6750\u8986\u5c42\u3002\u5728\u66b4\u9732\u7684\u5916\u90e8\u533a\u57df\u6211\u4eec\u5efa\u8bae\u6e05\u6d01\u77f3\u6750\u8868\u9762\u5e76\u8fdb\u884c\u758f\u6c34\u6d78\u6e0d\uff0c\u9632\u6b62\u7ed3\u6676\u3001\u78b3\u5316\u3001\u8fdb\u6c34\u7684\u8d1f\u9762\u5f71\u54cd\uff0c\u5e76\u9632\u6b62\u9709\u83cc\u548c\u85fb\u7c7b\u7684\u5f62\u6210<\/p>\n<p>\u4fdd\u62a4\u5242\u8fd8\u53ef\u9632\u6b62\u6c2f\u5316\u94a0\uff08NaCl\uff09\u7684\u8d1f\u9762\u5f71\u54cd\uff0c\u56e0\u4e3a\u51ac\u5b63\u8868\u9762\u76d0\u5316\uff0c\u4ece\u800c\u6700\u5927\u9650\u5ea6\u5730\u964d\u4f4e\u6ed1\u5012\u98ce\u9669<\/p>\n<p>\n<\/div><\/div><\/div><\/div><\/div><\/div><\/section><\/p>\n","protected":false},"excerpt":{"rendered":"","protected":false},"author":2041,"featured_media":8732,"parent":10645,"menu_order":0,"comment_status":"closed","ping_status":"closed","template":"page-templates\/fullwidthpage.php","meta":{"_acf_changed":false,"inline_featured_image":false,"footnotes":""},"class_list":["post-10638","page","type-page","status-publish","has-post-thumbnail","hentry"],"acf":[],"_links":{"self":[{"href":"https:\/\/marmorsezana.com\/zh-hans\/wp-json\/wp\/v2\/pages\/10638","targetHints":{"allow":["GET"]}}],"collection":[{"href":"https:\/\/marmorsezana.com\/zh-hans\/wp-json\/wp\/v2\/pages"}],"about":[{"href":"https:\/\/marmorsezana.com\/zh-hans\/wp-json\/wp\/v2\/types\/page"}],"author":[{"embeddable":true,"href":"https:\/\/marmorsezana.com\/zh-hans\/wp-json\/wp\/v2\/users\/2041"}],"replies":[{"embeddable":true,"href":"https:\/\/marmorsezana.com\/zh-hans\/wp-json\/wp\/v2\/comments?post=10638"}],"version-history":[{"count":0,"href":"https:\/\/marmorsezana.com\/zh-hans\/wp-json\/wp\/v2\/pages\/10638\/revisions"}],"up":[{"embeddable":true,"href":"https:\/\/marmorsezana.com\/zh-hans\/wp-json\/wp\/v2\/pages\/10645"}],"wp:featuredmedia":[{"embeddable":true,"href":"https:\/\/marmorsezana.com\/zh-hans\/wp-json\/wp\/v2\/media\/8732"}],"wp:attachment":[{"href":"https:\/\/marmorsezana.com\/zh-hans\/wp-json\/wp\/v2\/media?parent=10638"}],"curies":[{"name":"wp","href":"https:\/\/api.w.org\/{rel}","templated":true}]}}