{"id":10664,"date":"2022-07-01T12:00:16","date_gmt":"2022-07-01T10:00:16","guid":{"rendered":"http:\/\/marmor2.razvija.se\/o-podjetju\/"},"modified":"2022-09-27T13:57:08","modified_gmt":"2022-09-27T11:57:08","slug":"%e5%85%b3%e4%ba%8e%e6%88%91%e4%bb%ac","status":"publish","type":"page","link":"https:\/\/marmorsezana.com\/zh-hans\/%e5%85%b3%e4%ba%8e%e6%88%91%e4%bb%ac\/","title":{"rendered":"\u5173\u4e8e\u6211\u4eec"},"content":{"rendered":"<p><section class=\"kc-elm kc-css-448813 kc_row\"><div class=\" container-fluid\"><div class=\"row\"><div class=\"kc-elm kc-css-487182 col-12 col-sm-3 column\"><div class=\"kc-col-container\"><div class=\"kc-elm kc-css-442955 kc_text_block\"><\/p>\n<p>Marmor, Se\u017eana d.d. \u662f\u65af\u6d1b\u6587\u5c3c\u4e9a\u6700\u53e4\u8001\u7684\u77f3\u6750\u5207\u5272\u516c\u53f8\u4e4b\u4e00\u3002 \u81ea 1947 \u5e74\u4ee5\u6765\u4e00\u76f4\u4ece\u4e8b\u5580\u65af\u7279\u5929\u7136\u77f3\u6750\u7684\u63d0\u53d6\u548c\u52a0\u5de5\u300275\u5e74\u7684\u4f20\u7edf\u4f7f\u5176\u80fd\u591f\u5728\u5c0a\u91cd\u4f20\u7edf\u6587\u5316\u548c\u81ea\u7136\u9057\u4ea7\u7684\u57fa\u7840\u4e0a\u7ed3\u5408\u65b0\u73b0\u4ee3\u521b\u65b0\u3002<\/p>\n<p>\u8be5\u516c\u53f8\u62e5\u6709\u56db\u4e2a\u91c7\u77f3\u573a\uff08Lipica I\u3001Lipica II\u3001Doline\u3001Kopriva\uff09\uff0c\u5747\u5728\u4f5c\u4e1a\u4e2d\uff1b \u53e6\u5916\u4e09\u4e2a\u7ad9\u70b9\u5904\u4e8e\u63a2\u7d22\u6216\u5f00\u653e\u7684\u9636\u6bb5\u3002 \u5176\u91c7\u77f3\u573a\u751f\u4ea7\u5929\u7136\u5580\u65af\u7279\u77f3\uff0c\u79f0\u4e3a Lipica Unito\u3001Lipica Fiorito\u3001Repen \u548c Kopriva\uff0c\u5e76\u62e5\u6709\u72ec\u5bb6\u9500\u552e\u6743\u3002<\/p>\n<p>\u5176\u81ea\u8eab\u7684\u539f\u6750\u6599\u4f7f\u8be5\u516c\u53f8\u80fd\u591f\u72ec\u7acb\u4e8e\u5168\u7403\u5929\u7136\u77f3\u6750\u5e02\u573a\uff0c\u751f\u4ea7\u5728 Se\u017eana \u548c Lipica \u4e24\u4e2a\u5730\u70b9\u8fdb\u884c\uff0c\u91c7\u77f3\u573a\u548c\u751f\u4ea7\u5355\u4f4d\u9760\u8fd1\uff0c\u53ef\u4ee5\u5feb\u901f\u83b7\u53d6\u5f53\u5730\u539f\u6750\u6599\u3002<\/p>\n<p>\u8be5\u516c\u53f8\u91c7\u77f3\u573a\u548c\u8f66\u95f4\u7684\u77f3\u6750\u88c5\u9970\u7740\u65af\u6d1b\u6587\u5c3c\u4e9a\u548c\u5176\u4ed6\u6b27\u6d32\u57ce\u5e02\u7684\u8bb8\u591a\u623f\u5c4b\u3001\u8857\u9053\u548c\u5e7f\u573a\u7684\u5916\u5899\u3002\u5b83\u5728\u4e2d\u4e1c\u548c\u8fdc\u4e1c\u3001\u963f\u62c9\u4f2f\u534a\u5c9b\u548c\u7f8e\u56fd\u4e5f\u5f88\u51fa\u540d\u548c\u53d7\u6b22\u8fce\u3002<\/p>\n<p>\n<\/div><\/div><\/div><div class=\"kc-elm kc-css-979330 col-12 col-sm-9 column\"><div class=\"kc-col-container\"><div class=\"div-wrapper kc-elm kc-css-284578 \"><\/div><div class=\"kc-elm kc-css-183250 row\"><div class=\"kc-elm kc-css-170962 col-12 col-sm-6 column_inner\"><div class=\"kc_wrapper kc-col-inner-container\"><div class=\"div-wrapper kc-elm kc-css-294648 \"><\/div><\/div><\/div><div class=\"kc-elm kc-css-870794 col-12 col-sm-6 column_inner mt-4 mt-md-0\"><div class=\"kc_wrapper kc-col-inner-container\"><div class=\"div-wrapper kc-elm kc-css-942584 \"><\/div><\/div><\/div><\/div><\/div><\/div><\/div><\/div><\/section><section data-kc-equalheight=\"true\" data-kc-equalheight-align=\"middle\" class=\"kc-elm kc-css-54807 kc_row\"><div class=\" container-fluid\"><div class=\"row\"><div class=\"kc-elm kc-css-735783 col-12 col-sm-4 column\"><div class=\"kc-col-container\"><div class=\"div-wrapper kc-elm kc-css-953502 \">\n<div class=\"kc-elm kc-css-802373 kc-title-wrap \">\n\n\t<h2 class=\"kc_title\">\u6211\u4eec\u91c7\u77f3\u573a\u7684\u8d44\u6e90\u603b\u662f\u89e6\u624b\u53ef\u53ca<\/h2>\n<\/div>\n<div class=\"kc-elm kc-css-280632 kc_text_block\"><\/p>\n<p>\u6211\u4eec\u62e5\u6709\u81ea\u5df1\u7684\u91c7\u77f3\u573a\uff0c\u72ec\u7acb\u4e8e\u5168\u7403\u5e02\u573a\u63d0\u4f9b\u5929\u7136\u77f3\u6750\u3002<\/p>\n<p>\u91c7\u77f3\u573a\u548c\u751f\u4ea7\u5355\u4f4d\u90bb\u8fd1\u4f7f\u5f97\u6211\u4eec\u80fd\u591f\u5feb\u901f\u83b7\u53d6\u539f\u6750\u6599\u3002<\/p>\n<p>\n<\/div><div class=\"clear\"><\/div>\n<div class=\"mod-id-330290 kc-elm kc-css-330290 kc-raw-code arrow-link \">\n    <div class=\"d-flex align-center justify-content-start\">\n        <a href=\"https:\/\/marmorsezana.com\/zh-hans\/%e8%af%a2%e7%9b%98\/\">\n            <span class=\"fw-medium\">\u63d0\u4ea4\u8be2\u76d8<\/span>\n            <i class=\"fa-solid fa-arrow-right ml-2 text-body\"><\/i>\n        <\/a>\n    <\/div>\n<\/div>\n\n\n<div class=\"clear\"><\/div>\n<\/div><\/div><\/div><div class=\"kc-elm kc-css-70382 col-12 col-sm-8 column mt-4 mt-md-0\"><div class=\"kc-col-container\"><div class=\"div-wrapper kc-elm kc-css-397847 \"><div class=\"kc-elm kc-css-471492 kc_shortcode kc_single_image\">\n\n        <img decoding=\"async\" src=\"https:\/\/marmorsezana.com\/wp-content\/uploads\/2022\/09\/Group-717.svg\" class=\"\" alt=\"\" \/>    <\/div>\n<\/div><\/div><\/div><\/div><\/div><\/section><section data-kc-equalheight=\"true\" data-kc-equalheight-align=\"middle\" class=\"kc-elm kc-css-871523 kc_row\"><div class=\" container-fluid\"><div class=\"row\"><div class=\"kc-elm kc-css-14443 col-12 col-sm-8 column\"><div class=\"kc-col-container\"><div class=\"div-wrapper kc-elm kc-css-386247 \"><\/div><div class=\"kc-elm kc-css-59920 row\"><div class=\"kc-elm kc-css-479018 col-12 col-sm-6 column_inner\"><div class=\"kc_wrapper kc-col-inner-container\"><div class=\"div-wrapper kc-elm kc-css-770737 \"><\/div><\/div><\/div><div class=\"kc-elm kc-css-502569 col-12 col-sm-6 column_inner mt-4 mt-md-0\"><div class=\"kc_wrapper kc-col-inner-container\"><div class=\"div-wrapper kc-elm kc-css-268289 \"><\/div><\/div><\/div><\/div><\/div><\/div><div class=\"kc-elm kc-css-867254 col-12 col-sm-4 column mt-4 mt-md-0\"><div class=\"kc-col-container\"><div class=\"div-wrapper kc-elm kc-css-75172 \">\n<div class=\"kc-elm kc-css-971786 kc-title-wrap \">\n\n\t<h2 class=\"kc_title\">Omogo\u010damo razvoj kadrov<\/h2>\n<\/div>\n<div class=\"kc-elm kc-css-45672 kc_text_block\"><\/p>\n<p>Verjamemo, da lahko vsak zaposlen pripomore k razvoju podjetja in da je vsak posameznik pomemben del mozaika na\u0161e uspe\u0161ne zgodbe.<\/p>\n<p>\n<\/div><div class=\"clear\"><\/div>\n<div class=\"mod-id-155850 kc-elm kc-css-155850 kc-raw-code arrow-link \">\n    <div class=\"d-flex align-center justify-content-start\">\n        <a href=\"https:\/\/marmorsezana.com\/o-podjetju\/razvoj-kadrov\/\">\n            <span class=\"fw-medium\">Preberi ve\u010d<\/span>\n            <i class=\"fa-solid fa-arrow-right ml-2 text-body\"><\/i>\n        <\/a>\n    <\/div>\n<\/div>\n\n\n<div class=\"clear\"><\/div>\n<\/div><\/div><\/div><\/div><\/div><\/section><section data-kc-equalheight=\"true\" data-kc-equalheight-align=\"middle\" class=\"kc-elm kc-css-347791 kc_row\"><div class=\" container-fluid\"><div class=\"row\"><div class=\"kc-elm kc-css-129215 col-12 col-sm-5 column bg-primary text-white o-podjetju\"><div class=\"kc-col-container\"><div class=\"div-wrapper kc-elm kc-css-49233 mw-100\">\n<div class=\"kc-elm kc-css-992424 kc-title-wrap \">\n\n\t<h2 class=\"kc_title text-white\">\u516c\u53f8\u4fe1\u606f<\/h2>\n<\/div>\n<div class=\"kc-elm kc-css-7450 kc_text_block\"><\/p>\n<table class=\"invis\">\n<tbody>\n<tr>\n<th>\u516c\u53f8\u540d<\/th>\n<td>Marmor, Se\u017eana d.d.<\/td>\n<\/tr>\n<tr>\n<th>\u5730\u5740<\/th>\n<td>Partizanska cesta 73 A<\/td>\n<\/tr>\n<tr>\n<th>\u90ae\u653f\u7f16\u7801\u548c\u57ce\u5e02<\/th>\n<td>Se\u017eana, 6210 Se\u017eana<\/td>\n<\/tr>\n<tr>\n<th>TRR \/ IBAN<\/th>\n<td>SI56 1010 0000 0017 843<br \/>Banka Intesa Sanpaolo d.d.<\/td>\n<\/tr>\n<tr>\n<th>\u4f20\u771f\u53f7\u7801<\/th>\n<td>SI40342085<\/td>\n<\/tr>\n<tr>\n<th>\u6ce8\u518c\u53f7\u7801<\/th>\n<td>5090725000<\/td>\n<\/tr>\n<tr>\n<th>\u7535\u8bdd<\/th>\n<td>+386 5 731 11 00<\/td>\n<\/tr>\n<tr>\n<th>\u90ae\u7bb1<\/th>\n<td>info@marmorsezana.com<\/td>\n<\/tr>\n<\/tbody>\n<\/table>\n<p>\n<\/div><\/div><\/div><\/div><div class=\"kc-elm kc-css-722451 col-12 col-sm-7 column\"><div class=\"kc-col-container\"><div class=\"div-wrapper kc-elm kc-css-839282 \"><div class=\"kc-image-gallery kc-elm kc-css-33365\">\n<div class=\"kc_image_gallery kc-carousel-image kc-grid  gallery-columns-3\">\n<div class=\"item-grid grid-3\"><img decoding=\"async\" src=\"https:\/\/marmorsezana.com\/wp-content\/uploads\/2022\/07\/DELO-V-KAMNOLOMU.jpg\" alt=\"\"\/><\/div><div class=\"item-grid grid-3\"><img decoding=\"async\" src=\"https:\/\/marmorsezana.com\/wp-content\/uploads\/2022\/07\/kamnolom-in-proizvodnja-Lipica.jpg\" alt=\"\"\/><\/div><div class=\"item-grid grid-3\"><img decoding=\"async\" src=\"https:\/\/marmorsezana.com\/wp-content\/uploads\/2022\/07\/v-kamnolomu.jpg\" alt=\"\"\/><\/div><\/div>\n<\/div><\/div><\/div><\/div><\/div><\/div><\/section><section class=\"kc-elm kc-css-954816 kc_row background-helper\"><div class=\" container-fluid\"><div class=\"row\"><div class=\"kc-elm kc-css-52239 col-12 col-sm-12 column\"><div class=\"kc-col-container\"><div class=\"div-wrapper kc-elm kc-css-162831 ml-md-auto mw-100\">\n<div class=\"kc-elm kc-css-277155 kc-title-wrap \">\n\n\t<h2 class=\"kc_title\">Sklic 12. skup\u0161\u010dine<\/h2>\n<\/div>\n<div class=\"kc-elm kc-css-330031 kc_text_block\"><\/p>\n<p>Vabimo vas na 12. skup\u0161\u010dino podjetja Marmor Se\u017eana, ki bo v torek, 24. 5. 2022 ob 18. uri v prostorih dru\u017ebe.<\/p>\n<p>\n<\/div>\n<div class=\"kc-elm kc-css-789128 kc-title-wrap \">\n\n\t<h3 class=\"kc_title\">Gradivo<\/h3>\n<\/div>\n<div class=\"clear\"><\/div>\n<div class=\"mod-id-631509 kc-elm kc-css-631509 kc-raw-code arrow-link d-flex justify-content-end\">\n    <div class=\"d-flex align-center justify-content-start\">\n        <a href=\"#\">\n            <span class=\"fw-medium\">Ime datoteke<\/span>\n            <i class=\"fa-solid fa-arrow-right ml-2 text-body\"><\/i>\n        <\/a>\n    <\/div>\n<\/div>\n\n\n<div class=\"clear\"><\/div>\n<div class=\"clear\"><\/div>\n<div class=\"mod-id-875133 kc-elm kc-css-875133 kc-raw-code arrow-link d-flex justify-content-end\">\n    <div class=\"d-flex align-center justify-content-start\">\n        <a href=\"#\">\n            <span class=\"fw-medium\">Ime druge datoteke<\/span>\n            <i class=\"fa-solid fa-arrow-right ml-2 text-body\"><\/i>\n        <\/a>\n    <\/div>\n<\/div>\n\n\n<div class=\"clear\"><\/div>\n<\/div><\/div><\/div><\/div><\/div><\/section><section class=\"kc-elm kc-css-537907 kc_row px-0\"><div class=\" container-fluid\"><div class=\"row\"><div class=\"kc-elm kc-css-281650 col-12 col-sm-12 column\"><div class=\"kc-col-container\"><div class=\"kc-elm kc-css-783799 kc-raw-code\">\n    <\/div><\/div><\/div><\/div><\/div><\/section><\/p>\n","protected":false},"excerpt":{"rendered":"","protected":false},"author":2041,"featured_media":8011,"parent":0,"menu_order":0,"comment_status":"closed","ping_status":"closed","template":"page-templates\/fullwidthpage.php","meta":{"_acf_changed":false,"inline_featured_image":false,"footnotes":""},"class_list":["post-10664","page","type-page","status-publish","has-post-thumbnail","hentry"],"acf":[],"_links":{"self":[{"href":"https:\/\/marmorsezana.com\/zh-hans\/wp-json\/wp\/v2\/pages\/10664","targetHints":{"allow":["GET"]}}],"collection":[{"href":"https:\/\/marmorsezana.com\/zh-hans\/wp-json\/wp\/v2\/pages"}],"about":[{"href":"https:\/\/marmorsezana.com\/zh-hans\/wp-json\/wp\/v2\/types\/page"}],"author":[{"embeddable":true,"href":"https:\/\/marmorsezana.com\/zh-hans\/wp-json\/wp\/v2\/users\/2041"}],"replies":[{"embeddable":true,"href":"https:\/\/marmorsezana.com\/zh-hans\/wp-json\/wp\/v2\/comments?post=10664"}],"version-history":[{"count":0,"href":"https:\/\/marmorsezana.com\/zh-hans\/wp-json\/wp\/v2\/pages\/10664\/revisions"}],"wp:featuredmedia":[{"embeddable":true,"href":"https:\/\/marmorsezana.com\/zh-hans\/wp-json\/wp\/v2\/media\/8011"}],"wp:attachment":[{"href":"https:\/\/marmorsezana.com\/zh-hans\/wp-json\/wp\/v2\/media?parent=10664"}],"curies":[{"name":"wp","href":"https:\/\/api.w.org\/{rel}","templated":true}]}}